{"id":429,"date":"2023-06-16T13:25:26","date_gmt":"2023-06-16T11:25:26","guid":{"rendered":"https:\/\/davos.dclabs.ch\/?page_id=429"},"modified":"2023-07-14T14:12:32","modified_gmt":"2023-07-14T12:12:32","slug":"datenschutzerklaerung","status":"publish","type":"page","link":"https:\/\/davosdeclaration2018.ch\/de\/datenschutzerklaerung\/","title":{"rendered":"Datenschutzerkl\u00e4rung"},"content":{"rendered":"\t\t<div data-elementor-type=\"wp-page\" data-elementor-id=\"429\" class=\"elementor elementor-429\" data-elementor-post-type=\"page\">\n\t\t\t\t<div class=\"elementor-element elementor-element-4a9ebca u-sidePadding e-flex e-con-boxed e-con e-parent\" data-id=\"4a9ebca\" data-element_type=\"container\">\n\t\t\t\t\t<div class=\"e-con-inner\">\n\t\t\t\t<div class=\"elementor-element elementor-element-bd9ab99 elementor-widget elementor-widget-heading\" data-id=\"bd9ab99\" data-element_type=\"widget\" data-widget_type=\"heading.default\">\n\t\t\t\t<div class=\"elementor-widget-container\">\n\t\t\t\t\t<h1 class=\"elementor-heading-title elementor-size-default\">Datenschutzerkl\u00e4rung<\/h1>\t\t\t\t<\/div>\n\t\t\t\t<\/div>\n\t\t<div class=\"elementor-element elementor-element-d31d382 e-flex e-con-boxed e-con e-parent\" data-id=\"d31d382\" data-element_type=\"container\" data-no-translation=\"\">\n\t\t\t\t\t<div class=\"e-con-inner\">\n\t\t\t\t<div class=\"elementor-element elementor-element-0d22fcb u-leadText elementor-widget elementor-widget-text-editor\" data-id=\"0d22fcb\" data-element_type=\"widget\" data-widget_type=\"text-editor.default\">\n\t\t\t\t<div class=\"elementor-widget-container\">\n\t\t\t\t\t\t\t\t\t<h2>Einwilligung in die Nutzung von Cookies.<\/h2><p>Damit unsere Webseite ordnungsgem\u00e4\u00df funktioniert, verwenden wir Cookies. Um Ihre g\u00fcltige Zustimmung zur Verwendung und Speicherung von Cookies in dem Browser, den Sie f\u00fcr den Zugriff auf unsere Webseite verwenden, zu erhalten und dies ordnungsgem\u00e4\u00df zu dokumentieren, verwenden wir eine Zustimmungsmanagement-Plattform: CookieFirst. Diese Technologie wird von Digital Data Solutions BV, Plantage Middenlaan 42a, 1018 DH, Amsterdam, Niederlande, bereitgestellt. Webseite: <a title=\"Cookiefirst page\" href=\"https:\/\/cookiefirst.com\">https:\/\/cookiefirst.com<\/a> bezeichnet als CookieFirst.<\/p><p>Wenn Sie auf unsere Webseite zugreifen, wird eine Verbindung mit dem Server von CookieFirsthergestellt, um uns die M\u00f6glichkeit zu geben, von Ihnen eine g\u00fcltige Zustimmung zur Nutzung bestimmter Cookies zu erhalten. CookieFirst speichert dann einen Cookie in Ihrem Browser, um nur die Cookies aktivieren zu k\u00f6nnen, in die Sie eingewilligt haben, und um dies ordnungsgem\u00e4\u00df zu dokumentieren. Die verarbeiteten Daten werden so lange gespeichert, bis die vorgegebene Speicherfrist abl\u00e4uft oder Sie die L\u00f6schung der Daten verlangen. Abweichend hiervon k\u00f6nnen bestimmte gesetzliche Aufbewahrungsfristen gelten.<\/p><p>CookieFirst dient der Einholung der gesetzlich vorgeschriebenen Einwilligung zur Nutzung von Cookies. Rechtsgrundlage hierf\u00fcr ist Artikel 6 Absatz 1 Buchstabe c der Datenschutzgrundverordnung (DSGVO).<\/p><h2>Datenverarbeitungsvertrag<\/h2><p>Wir haben mit CookieFirst einen Vertrag zur Datenverarbeitung abgeschlossen. Dabei handelt es sich um einen datenschutzrechtlich erforderlichen Vertrag, der sicherstellt, dass die Daten unserer Webseiten-Besucher nur nach unseren Weisungen und in \u00dcbereinstimmung mit der DSGVO verarbeitet werden.<\/p><h2>Server-Protokolldateien<\/h2><p>Unsere Webseite und CookieFirst erheben und speichern automatisch Informationen in so genannten Server Log Files, die Ihr Browser automatisch an uns \u00fcbermittelt. Folgende Daten werden erhoben:<\/p><ul><li>Ihr Einwilligungsstatus bzw. der Widerruf Ihrer Einwilligung<\/li><li>Ihre anonymisierte IP-Adresse<\/li><li>Informationen \u00fcber Ihren Browser<\/li><li>Informationen \u00fcber Ihr Ger\u00e4t<\/li><li>Das Datum und die Uhrzeit Ihres Besuchs auf unserer Webseite<\/li><li>Die URL der Webseite, auf der Sie Ihre Einwilligungseinstellungen gespeichert oder aktualisiert haben<\/li><li>Der ungef\u00e4hre Standort des Nutzers, der seine Einwilligungspr\u00e4ferenzen gespeichert hat<\/li><li>Ein universell eindeutiger Bezeichner (UUID) des Webseiten-Besuchers, der das Banner Cookie angeklickt hat<\/li><\/ul>\t\t\t\t\t\t\t\t<\/div>\n\t\t\t\t<\/div>\n\t\t\t\t<div class=\"elementor-element elementor-element-49a2017 m-cookieFirst elementor-widget elementor-widget-html\" data-id=\"49a2017\" data-element_type=\"widget\" data-widget_type=\"html.default\">\n\t\t\t\t<div class=\"elementor-widget-container\">\n\t\t\t\t\t<div id=\"cookiefirst-policy-page\"><\/div>\n<div>Diese Cookie-Richtlinie wurde erstellt und aktualisiert von der Firma <a href=\"https:\/\/cookiefirst.com\/de\/consent-management-platform\/\">CookieFirst - Consent Management Platform<\/a>.<\/div>\n\n<div id=\"cookiefirst-cookies-table\"><\/div>\n<div>Diese Cookie-Tabelle wurde erstellt und aktualisiert von der <a href=\"https:\/\/cookiefirst.com\/de\/cookies-erklaerung\/\">Cookie Erkl\u00e4rung<\/a>.<\/div>\t\t\t\t<\/div>\n\t\t\t\t<\/div>\n\t\t\t\t\t<\/div>\n\t\t\t\t<\/div>\n\t\t\t\t\t<\/div>\n\t\t\t\t<\/div>\n\t\t\t\t<\/div>\n\t\t","protected":false},"excerpt":{"rendered":"<p>Datenschutzerkl\u00e4rung Einwilligung in die Nutzung von Cookies. Damit unsere Webseite ordnungsgem\u00e4\u00df funktioniert, verwenden wir Cookies. Um Ihre g\u00fcltige Zustimmung zur Verwendung und Speicherung von Cookies in dem Browser, den Sie f\u00fcr den Zugriff auf unsere Webseite verwenden, zu erhalten und dies ordnungsgem\u00e4\u00df zu dokumentieren, verwenden wir eine Zustimmungsmanagement-Plattform: CookieFirst. Diese Technologie wird von Digital Data [&hellip;]<\/p>\n","protected":false},"author":1,"featured_media":0,"parent":0,"menu_order":0,"comment_status":"closed","ping_status":"closed","template":"","meta":{"_acf_changed":false,"inline_featured_image":false,"footnotes":""},"class_list":["post-429","page","type-page","status-publish","hentry"],"acf":[],"yoast_head":"<!-- This site is optimized with the Yoast SEO plugin v26.1.1 - https:\/\/yoast.com\/wordpress\/plugins\/seo\/ -->\n<title>Datenschutzerkl\u00e4rung &#8211; Erkl\u00e4rung von Davos 2018<\/title>\n<meta name=\"robots\" content=\"index, follow, max-snippet:-1, max-image-preview:large, max-video-preview:-1\" \/>\n<link rel=\"canonical\" href=\"https:\/\/davosdeclaration2018.ch\/de\/datenschutzerklaerung\/\" \/>\n<meta property=\"og:locale\" content=\"de_DE\" \/>\n<meta property=\"og:type\" content=\"article\" \/>\n<meta property=\"og:title\" content=\"Datenschutzerkl\u00e4rung &#8211; Erkl\u00e4rung von Davos 2018\" \/>\n<meta property=\"og:description\" content=\"Datenschutzerkl\u00e4rung Einwilligung in die Nutzung von Cookies. Damit unsere Webseite ordnungsgem\u00e4\u00df funktioniert, verwenden wir Cookies. Um Ihre g\u00fcltige Zustimmung zur Verwendung und Speicherung von Cookies in dem Browser, den Sie f\u00fcr den Zugriff auf unsere Webseite verwenden, zu erhalten und dies ordnungsgem\u00e4\u00df zu dokumentieren, verwenden wir eine Zustimmungsmanagement-Plattform: CookieFirst. Diese Technologie wird von Digital Data [&hellip;]\" \/>\n<meta property=\"og:url\" content=\"https:\/\/davosdeclaration2018.ch\/de\/datenschutzerklaerung\/\" \/>\n<meta property=\"og:site_name\" content=\"Erkl\u00e4rung von Davos 2018\" \/>\n<meta property=\"article:modified_time\" content=\"2023-07-14T12:12:32+00:00\" \/>\n<meta name=\"twitter:card\" content=\"summary_large_image\" \/>\n<meta name=\"twitter:label1\" content=\"Gesch\u00e4tzte Lesezeit\" \/>\n\t<meta name=\"twitter:data1\" content=\"9\u00a0Minuten\" \/>\n<script type=\"application\/ld+json\" class=\"yoast-schema-graph\">{\"@context\":\"https:\/\/schema.org\",\"@graph\":[{\"@type\":\"WebPage\",\"@id\":\"https:\/\/davosdeclaration2018.ch\/it\/informativa-sulla-privacy\/\",\"url\":\"https:\/\/davosdeclaration2018.ch\/it\/informativa-sulla-privacy\/\",\"name\":\"Datenschutzerkl\u00e4rung &#8211; Erkl\u00e4rung von Davos 2018\",\"isPartOf\":{\"@id\":\"https:\/\/davosdeclaration2018.ch\/en\/#website\"},\"datePublished\":\"2023-06-16T11:25:26+00:00\",\"dateModified\":\"2023-07-14T12:12:32+00:00\",\"breadcrumb\":{\"@id\":\"https:\/\/davosdeclaration2018.ch\/it\/informativa-sulla-privacy\/#breadcrumb\"},\"inLanguage\":\"de\",\"potentialAction\":[{\"@type\":\"ReadAction\",\"target\":[\"https:\/\/davosdeclaration2018.ch\/it\/informativa-sulla-privacy\/\"]}]},{\"@type\":\"BreadcrumbList\",\"@id\":\"https:\/\/davosdeclaration2018.ch\/it\/informativa-sulla-privacy\/#breadcrumb\",\"itemListElement\":[{\"@type\":\"ListItem\",\"position\":1,\"name\":\"Startseite\",\"item\":\"https:\/\/davosdeclaration2018.ch\/\"},{\"@type\":\"ListItem\",\"position\":2,\"name\":\"Datenschutzerkl\u00e4rung\"}]},{\"@type\":\"WebSite\",\"@id\":\"https:\/\/davosdeclaration2018.ch\/en\/#website\",\"url\":\"https:\/\/davosdeclaration2018.ch\/en\/\",\"name\":\"Davos Baukultur Allianz 2023\",\"description\":\"\",\"potentialAction\":[{\"@type\":\"SearchAction\",\"target\":{\"@type\":\"EntryPoint\",\"urlTemplate\":\"https:\/\/davosdeclaration2018.ch\/en\/?s={search_term_string}\"},\"query-input\":{\"@type\":\"PropertyValueSpecification\",\"valueRequired\":true,\"valueName\":\"search_term_string\"}}],\"inLanguage\":\"de\"}]}<\/script>\n<!-- \/ Yoast SEO plugin. -->","yoast_head_json":{"title":"Datenschutzerkl\u00e4rung &#8211; Erkl\u00e4rung von Davos 2018","robots":{"index":"index","follow":"follow","max-snippet":"max-snippet:-1","max-image-preview":"max-image-preview:large","max-video-preview":"max-video-preview:-1"},"canonical":"https:\/\/davosdeclaration2018.ch\/de\/datenschutzerklaerung\/","og_locale":"de_DE","og_type":"article","og_title":"Datenschutzerkl\u00e4rung &#8211; Erkl\u00e4rung von Davos 2018","og_description":"Datenschutzerkl\u00e4rung Einwilligung in die Nutzung von Cookies. Damit unsere Webseite ordnungsgem\u00e4\u00df funktioniert, verwenden wir Cookies. Um Ihre g\u00fcltige Zustimmung zur Verwendung und Speicherung von Cookies in dem Browser, den Sie f\u00fcr den Zugriff auf unsere Webseite verwenden, zu erhalten und dies ordnungsgem\u00e4\u00df zu dokumentieren, verwenden wir eine Zustimmungsmanagement-Plattform: CookieFirst. Diese Technologie wird von Digital Data [&hellip;]","og_url":"https:\/\/davosdeclaration2018.ch\/de\/datenschutzerklaerung\/","og_site_name":"Erkl\u00e4rung von Davos 2018","article_modified_time":"2023-07-14T12:12:32+00:00","twitter_card":"summary_large_image","twitter_misc":{"Gesch\u00e4tzte Lesezeit":"9\u00a0Minuten"},"schema":{"@context":"https:\/\/schema.org","@graph":[{"@type":"WebPage","@id":"https:\/\/davosdeclaration2018.ch\/it\/informativa-sulla-privacy\/","url":"https:\/\/davosdeclaration2018.ch\/it\/informativa-sulla-privacy\/","name":"Datenschutzerkl\u00e4rung &#8211; Erkl\u00e4rung von Davos 2018","isPartOf":{"@id":"https:\/\/davosdeclaration2018.ch\/en\/#website"},"datePublished":"2023-06-16T11:25:26+00:00","dateModified":"2023-07-14T12:12:32+00:00","breadcrumb":{"@id":"https:\/\/davosdeclaration2018.ch\/it\/informativa-sulla-privacy\/#breadcrumb"},"inLanguage":"de","potentialAction":[{"@type":"ReadAction","target":["https:\/\/davosdeclaration2018.ch\/it\/informativa-sulla-privacy\/"]}]},{"@type":"BreadcrumbList","@id":"https:\/\/davosdeclaration2018.ch\/it\/informativa-sulla-privacy\/#breadcrumb","itemListElement":[{"@type":"ListItem","position":1,"name":"Startseite","item":"https:\/\/davosdeclaration2018.ch\/"},{"@type":"ListItem","position":2,"name":"Datenschutzerkl\u00e4rung"}]},{"@type":"WebSite","@id":"https:\/\/davosdeclaration2018.ch\/en\/#website","url":"https:\/\/davosdeclaration2018.ch\/en\/","name":"Davos Baukultur Allianz 2023","description":"","potentialAction":[{"@type":"SearchAction","target":{"@type":"EntryPoint","urlTemplate":"https:\/\/davosdeclaration2018.ch\/en\/?s={search_term_string}"},"query-input":{"@type":"PropertyValueSpecification","valueRequired":true,"valueName":"search_term_string"}}],"inLanguage":"de"}]}},"_links":{"self":[{"href":"https:\/\/davosdeclaration2018.ch\/de\/wp-json\/wp\/v2\/pages\/429","targetHints":{"allow":["GET"]}}],"collection":[{"href":"https:\/\/davosdeclaration2018.ch\/de\/wp-json\/wp\/v2\/pages"}],"about":[{"href":"https:\/\/davosdeclaration2018.ch\/de\/wp-json\/wp\/v2\/types\/page"}],"author":[{"embeddable":true,"href":"https:\/\/davosdeclaration2018.ch\/de\/wp-json\/wp\/v2\/users\/1"}],"replies":[{"embeddable":true,"href":"https:\/\/davosdeclaration2018.ch\/de\/wp-json\/wp\/v2\/comments?post=429"}],"version-history":[{"count":16,"href":"https:\/\/davosdeclaration2018.ch\/de\/wp-json\/wp\/v2\/pages\/429\/revisions"}],"predecessor-version":[{"id":1809,"href":"https:\/\/davosdeclaration2018.ch\/de\/wp-json\/wp\/v2\/pages\/429\/revisions\/1809"}],"wp:attachment":[{"href":"https:\/\/davosdeclaration2018.ch\/de\/wp-json\/wp\/v2\/media?parent=429"}],"curies":[{"name":"wp","href":"https:\/\/api.w.org\/{rel}","templated":true}]}}