{"id":423,"date":"2023-06-16T13:24:26","date_gmt":"2023-06-16T11:24:26","guid":{"rendered":"https:\/\/davos.dclabs.ch\/?page_id=423"},"modified":"2023-06-19T15:09:58","modified_gmt":"2023-06-19T13:09:58","slug":"what-is-baukultur","status":"publish","type":"page","link":"https:\/\/davosdeclaration2018.ch\/en\/what-is-baukultur\/","title":{"rendered":"What is Baukultur?"},"content":{"rendered":"<div data-elementor-type=\"wp-page\" data-elementor-id=\"423\" class=\"elementor elementor-423\" data-elementor-post-type=\"page\">\n\t\t\t\t<div class=\"elementor-element elementor-element-32a9dfb u-sidePadding e-flex e-con-boxed e-con e-parent\" data-id=\"32a9dfb\" data-element_type=\"container\">\n\t\t\t\t\t<div class=\"e-con-inner\">\n\t\t\t\t<div class=\"elementor-element elementor-element-ccddd1a elementor-widget elementor-widget-dcwi-content-block\" data-id=\"ccddd1a\" data-element_type=\"widget\" data-widget_type=\"dcwi-content-block.default\">\n\t\t\t\t<div class=\"elementor-widget-container\">\n\t\t\t\t\t        <div class=\"m-contentBlock -wide u-leadText -borderTop\" >\n                            <div class=\"m-contentBlock__header\">\n                    <h1 class=\"u-noMargin\">What is Baukultur?<\/h1><span class=\"u-likeH1 u-subHeading\">Building is a cultural act and creates space for culture<\/span>                <\/div>\n                        <div class=\"m-contentBlock__inner\">\n                <div class=\"m-contentBlock__imageWrapper\"><\/div>                <div class=\"m-contentBlock__content\">\n                    <p>The designed living environment surrounds us wherever we may currently be. Hence, high-quality Baukultur is important for a good life.<\/p>\n<p>Baukultur sees the entire designed living environment as a coherent whole, from existing buildings to contemporary design, from small handcrafted details to buildings and open spaces to large-scale infrastructures, and from the planning process through construction and operation to reuse. What is and is not high-quality Baukultur is always open to discussion. There are many initiatives to improve the quality of our designed living environment.<\/p>\n                                    <\/div>\n            <\/div>\n        <\/div>\n        \t\t\t\t<\/div>\n\t\t\t\t<\/div>\n\t\t\t\t<div class=\"elementor-element elementor-element-0d29dd1 dce_masking-none elementor-widget elementor-widget-image\" data-id=\"0d29dd1\" data-element_type=\"widget\" data-widget_type=\"image.default\">\n\t\t\t\t<div class=\"elementor-widget-container\">\n\t\t\t\t\t\t\t\t\t\t\t\t<figure class=\"wp-caption\">\n\t\t\t\t\t\t\t\t\t\t<img fetchpriority=\"high\" decoding=\"async\" width=\"1800\" height=\"1200\" src=\"https:\/\/davosdeclaration2018.ch\/wp-content\/uploads\/sites\/2\/2023\/06\/2022-11-29-121347-place-du-marche-renens-c-bak-i-foto-rolf-siegenthaler.jpg\" class=\"attachment-full size-full wp-image-697\" alt=\"\" srcset=\"https:\/\/davosdeclaration2018.ch\/wp-content\/uploads\/sites\/2\/2023\/06\/2022-11-29-121347-place-du-marche-renens-c-bak-i-foto-rolf-siegenthaler.jpg 1800w, https:\/\/davosdeclaration2018.ch\/wp-content\/uploads\/sites\/2\/2023\/06\/2022-11-29-121347-place-du-marche-renens-c-bak-i-foto-rolf-siegenthaler-300x200.jpg 300w, https:\/\/davosdeclaration2018.ch\/wp-content\/uploads\/sites\/2\/2023\/06\/2022-11-29-121347-place-du-marche-renens-c-bak-i-foto-rolf-siegenthaler-1024x683.jpg 1024w, https:\/\/davosdeclaration2018.ch\/wp-content\/uploads\/sites\/2\/2023\/06\/2022-11-29-121347-place-du-marche-renens-c-bak-i-foto-rolf-siegenthaler-768x512.jpg 768w, https:\/\/davosdeclaration2018.ch\/wp-content\/uploads\/sites\/2\/2023\/06\/2022-11-29-121347-place-du-marche-renens-c-bak-i-foto-rolf-siegenthaler-1536x1024.jpg 1536w, https:\/\/davosdeclaration2018.ch\/wp-content\/uploads\/sites\/2\/2023\/06\/2022-11-29-121347-place-du-marche-renens-c-bak-i-foto-rolf-siegenthaler-18x12.jpg 18w\" sizes=\"(max-width: 1800px) 100vw, 1800px\" \/>\t\t\t\t\t\t\t\t\t\t\t<figcaption class=\"widget-image-caption wp-caption-text\">Place du march\u00e9, Renens, Switzerland \u00a9 FOC \/ photo Rolf Siegenthaler<\/figcaption>\n\t\t\t\t\t\t\t\t\t\t<\/figure>\n\t\t\t\t\t\t\t\t\t<\/div>\n\t\t\t\t<\/div>\n\t\t\t\t\t<\/div>\n\t\t\t\t<\/div>\n\t\t\t\t<\/div>","protected":false},"excerpt":{"rendered":"<p>Was ist Baukultur? Bauen ist Kultur und schafft Raum f\u00fcr Kultur Der gestaltete Lebensraum umgibt uns, wo immer wir uns gerade befinden. Eine hohe Baukultur ist deshalb wichtig f\u00fcr ein gutes Leben. Baukultur versteht den gesamten gestalteten Lebensraum als eine Einheit: vom Bestand bis zur zeitgen\u00f6ssischen Gestaltung, vom kleinen Handwerksdetail \u00fcber Geb\u00e4ude und Freir\u00e4ume bis [&hellip;]<\/p>","protected":false},"author":1,"featured_media":0,"parent":0,"menu_order":0,"comment_status":"closed","ping_status":"closed","template":"","meta":{"_acf_changed":false,"inline_featured_image":false,"footnotes":""},"class_list":["post-423","page","type-page","status-publish","hentry"],"acf":[],"yoast_head":"<!-- This site is optimized with the Yoast SEO plugin v26.1.1 - https:\/\/yoast.com\/wordpress\/plugins\/seo\/ -->\n<title>Was ist Baukultur? &#8211; Erkl\u00e4rung von Davos 2018<\/title>\n<meta name=\"robots\" content=\"index, follow, max-snippet:-1, max-image-preview:large, max-video-preview:-1\" \/>\n<link rel=\"canonical\" href=\"https:\/\/davosdeclaration2018.ch\/en\/what-is-baukultur\/\" \/>\n<meta property=\"og:locale\" content=\"en_GB\" \/>\n<meta property=\"og:type\" content=\"article\" \/>\n<meta property=\"og:title\" content=\"Was ist Baukultur? &#8211; Erkl\u00e4rung von Davos 2018\" \/>\n<meta property=\"og:description\" content=\"Was ist Baukultur? Bauen ist Kultur und schafft Raum f\u00fcr Kultur Der gestaltete Lebensraum umgibt uns, wo immer wir uns gerade befinden. Eine hohe Baukultur ist deshalb wichtig f\u00fcr ein gutes Leben. Baukultur versteht den gesamten gestalteten Lebensraum als eine Einheit: vom Bestand bis zur zeitgen\u00f6ssischen Gestaltung, vom kleinen Handwerksdetail \u00fcber Geb\u00e4ude und Freir\u00e4ume bis [&hellip;]\" \/>\n<meta property=\"og:url\" content=\"https:\/\/davosdeclaration2018.ch\/en\/what-is-baukultur\/\" \/>\n<meta property=\"og:site_name\" content=\"Erkl\u00e4rung von Davos 2018\" \/>\n<meta property=\"article:modified_time\" content=\"2023-06-19T13:09:58+00:00\" \/>\n<meta property=\"og:image\" content=\"https:\/\/davosdeclaration2018.ch\/wp-content\/uploads\/sites\/2\/2023\/06\/2022-11-29-121347-place-du-marche-renens-c-bak-i-foto-rolf-siegenthaler.jpg\" \/>\n<meta name=\"twitter:card\" content=\"summary_large_image\" \/>\n<meta name=\"twitter:label1\" content=\"Estimated reading time\" \/>\n\t<meta name=\"twitter:data1\" content=\"1 minute\" \/>\n<script type=\"application\/ld+json\" class=\"yoast-schema-graph\">{\"@context\":\"https:\/\/schema.org\",\"@graph\":[{\"@type\":\"WebPage\",\"@id\":\"https:\/\/davosdeclaration2018.ch\/de\/was-ist-baukultur\/\",\"url\":\"https:\/\/davosdeclaration2018.ch\/de\/was-ist-baukultur\/\",\"name\":\"Was ist Baukultur? &#8211; Erkl\u00e4rung von Davos 2018\",\"isPartOf\":{\"@id\":\"https:\/\/davosdeclaration2018.ch\/en\/#website\"},\"primaryImageOfPage\":{\"@id\":\"https:\/\/davosdeclaration2018.ch\/de\/was-ist-baukultur\/#primaryimage\"},\"image\":{\"@id\":\"https:\/\/davosdeclaration2018.ch\/de\/was-ist-baukultur\/#primaryimage\"},\"thumbnailUrl\":\"https:\/\/davosdeclaration2018.ch\/wp-content\/uploads\/sites\/2\/2023\/06\/2022-11-29-121347-place-du-marche-renens-c-bak-i-foto-rolf-siegenthaler.jpg\",\"datePublished\":\"2023-06-16T11:24:26+00:00\",\"dateModified\":\"2023-06-19T13:09:58+00:00\",\"breadcrumb\":{\"@id\":\"https:\/\/davosdeclaration2018.ch\/de\/was-ist-baukultur\/#breadcrumb\"},\"inLanguage\":\"en-GB\",\"potentialAction\":[{\"@type\":\"ReadAction\",\"target\":[\"https:\/\/davosdeclaration2018.ch\/de\/was-ist-baukultur\/\"]}]},{\"@type\":\"ImageObject\",\"inLanguage\":\"en-GB\",\"@id\":\"https:\/\/davosdeclaration2018.ch\/de\/was-ist-baukultur\/#primaryimage\",\"url\":\"https:\/\/davosdeclaration2018.ch\/wp-content\/uploads\/sites\/2\/2023\/06\/2022-11-29-121347-place-du-marche-renens-c-bak-i-foto-rolf-siegenthaler.jpg\",\"contentUrl\":\"https:\/\/davosdeclaration2018.ch\/wp-content\/uploads\/sites\/2\/2023\/06\/2022-11-29-121347-place-du-marche-renens-c-bak-i-foto-rolf-siegenthaler.jpg\"},{\"@type\":\"BreadcrumbList\",\"@id\":\"https:\/\/davosdeclaration2018.ch\/de\/was-ist-baukultur\/#breadcrumb\",\"itemListElement\":[{\"@type\":\"ListItem\",\"position\":1,\"name\":\"Startseite\",\"item\":\"https:\/\/davosdeclaration2018.ch\/\"},{\"@type\":\"ListItem\",\"position\":2,\"name\":\"Was ist Baukultur?\"}]},{\"@type\":\"WebSite\",\"@id\":\"https:\/\/davosdeclaration2018.ch\/en\/#website\",\"url\":\"https:\/\/davosdeclaration2018.ch\/en\/\",\"name\":\"Davos Baukultur Allianz 2023\",\"description\":\"\",\"potentialAction\":[{\"@type\":\"SearchAction\",\"target\":{\"@type\":\"EntryPoint\",\"urlTemplate\":\"https:\/\/davosdeclaration2018.ch\/en\/?s={search_term_string}\"},\"query-input\":{\"@type\":\"PropertyValueSpecification\",\"valueRequired\":true,\"valueName\":\"search_term_string\"}}],\"inLanguage\":\"en-GB\"}]}<\/script>\n<!-- \/ Yoast SEO plugin. -->","yoast_head_json":{"title":"Was ist Baukultur? &#8211; Erkl\u00e4rung von Davos 2018","robots":{"index":"index","follow":"follow","max-snippet":"max-snippet:-1","max-image-preview":"max-image-preview:large","max-video-preview":"max-video-preview:-1"},"canonical":"https:\/\/davosdeclaration2018.ch\/en\/what-is-baukultur\/","og_locale":"en_GB","og_type":"article","og_title":"Was ist Baukultur? &#8211; Erkl\u00e4rung von Davos 2018","og_description":"Was ist Baukultur? Bauen ist Kultur und schafft Raum f\u00fcr Kultur Der gestaltete Lebensraum umgibt uns, wo immer wir uns gerade befinden. Eine hohe Baukultur ist deshalb wichtig f\u00fcr ein gutes Leben. Baukultur versteht den gesamten gestalteten Lebensraum als eine Einheit: vom Bestand bis zur zeitgen\u00f6ssischen Gestaltung, vom kleinen Handwerksdetail \u00fcber Geb\u00e4ude und Freir\u00e4ume bis [&hellip;]","og_url":"https:\/\/davosdeclaration2018.ch\/en\/what-is-baukultur\/","og_site_name":"Erkl\u00e4rung von Davos 2018","article_modified_time":"2023-06-19T13:09:58+00:00","og_image":[{"url":"https:\/\/davosdeclaration2018.ch\/wp-content\/uploads\/sites\/2\/2023\/06\/2022-11-29-121347-place-du-marche-renens-c-bak-i-foto-rolf-siegenthaler.jpg","type":"","width":"","height":""}],"twitter_card":"summary_large_image","twitter_misc":{"Estimated reading time":"1 minute"},"schema":{"@context":"https:\/\/schema.org","@graph":[{"@type":"WebPage","@id":"https:\/\/davosdeclaration2018.ch\/de\/was-ist-baukultur\/","url":"https:\/\/davosdeclaration2018.ch\/de\/was-ist-baukultur\/","name":"Was ist Baukultur? &#8211; Erkl\u00e4rung von Davos 2018","isPartOf":{"@id":"https:\/\/davosdeclaration2018.ch\/en\/#website"},"primaryImageOfPage":{"@id":"https:\/\/davosdeclaration2018.ch\/de\/was-ist-baukultur\/#primaryimage"},"image":{"@id":"https:\/\/davosdeclaration2018.ch\/de\/was-ist-baukultur\/#primaryimage"},"thumbnailUrl":"https:\/\/davosdeclaration2018.ch\/wp-content\/uploads\/sites\/2\/2023\/06\/2022-11-29-121347-place-du-marche-renens-c-bak-i-foto-rolf-siegenthaler.jpg","datePublished":"2023-06-16T11:24:26+00:00","dateModified":"2023-06-19T13:09:58+00:00","breadcrumb":{"@id":"https:\/\/davosdeclaration2018.ch\/de\/was-ist-baukultur\/#breadcrumb"},"inLanguage":"en-GB","potentialAction":[{"@type":"ReadAction","target":["https:\/\/davosdeclaration2018.ch\/de\/was-ist-baukultur\/"]}]},{"@type":"ImageObject","inLanguage":"en-GB","@id":"https:\/\/davosdeclaration2018.ch\/de\/was-ist-baukultur\/#primaryimage","url":"https:\/\/davosdeclaration2018.ch\/wp-content\/uploads\/sites\/2\/2023\/06\/2022-11-29-121347-place-du-marche-renens-c-bak-i-foto-rolf-siegenthaler.jpg","contentUrl":"https:\/\/davosdeclaration2018.ch\/wp-content\/uploads\/sites\/2\/2023\/06\/2022-11-29-121347-place-du-marche-renens-c-bak-i-foto-rolf-siegenthaler.jpg"},{"@type":"BreadcrumbList","@id":"https:\/\/davosdeclaration2018.ch\/de\/was-ist-baukultur\/#breadcrumb","itemListElement":[{"@type":"ListItem","position":1,"name":"Startseite","item":"https:\/\/davosdeclaration2018.ch\/"},{"@type":"ListItem","position":2,"name":"Was ist Baukultur?"}]},{"@type":"WebSite","@id":"https:\/\/davosdeclaration2018.ch\/en\/#website","url":"https:\/\/davosdeclaration2018.ch\/en\/","name":"Davos Baukultur Allianz 2023","description":"","potentialAction":[{"@type":"SearchAction","target":{"@type":"EntryPoint","urlTemplate":"https:\/\/davosdeclaration2018.ch\/en\/?s={search_term_string}"},"query-input":{"@type":"PropertyValueSpecification","valueRequired":true,"valueName":"search_term_string"}}],"inLanguage":"en-GB"}]}},"_links":{"self":[{"href":"https:\/\/davosdeclaration2018.ch\/en\/wp-json\/wp\/v2\/pages\/423","targetHints":{"allow":["GET"]}}],"collection":[{"href":"https:\/\/davosdeclaration2018.ch\/en\/wp-json\/wp\/v2\/pages"}],"about":[{"href":"https:\/\/davosdeclaration2018.ch\/en\/wp-json\/wp\/v2\/types\/page"}],"author":[{"embeddable":true,"href":"https:\/\/davosdeclaration2018.ch\/en\/wp-json\/wp\/v2\/users\/1"}],"replies":[{"embeddable":true,"href":"https:\/\/davosdeclaration2018.ch\/en\/wp-json\/wp\/v2\/comments?post=423"}],"version-history":[{"count":40,"href":"https:\/\/davosdeclaration2018.ch\/en\/wp-json\/wp\/v2\/pages\/423\/revisions"}],"predecessor-version":[{"id":748,"href":"https:\/\/davosdeclaration2018.ch\/en\/wp-json\/wp\/v2\/pages\/423\/revisions\/748"}],"wp:attachment":[{"href":"https:\/\/davosdeclaration2018.ch\/en\/wp-json\/wp\/v2\/media?parent=423"}],"curies":[{"name":"wp","href":"https:\/\/api.w.org\/{rel}","templated":true}]}}