{"id":427,"date":"2023-06-16T13:25:17","date_gmt":"2023-06-16T11:25:17","guid":{"rendered":"https:\/\/davos.dclabs.ch\/?page_id=427"},"modified":"2023-07-05T18:28:49","modified_gmt":"2023-07-05T16:28:49","slug":"exclusion-of-liability","status":"publish","type":"page","link":"https:\/\/davosdeclaration2018.ch\/en\/exclusion-of-liability\/","title":{"rendered":"Exclusion of liability"},"content":{"rendered":"<div data-elementor-type=\"wp-page\" data-elementor-id=\"427\" class=\"elementor elementor-427\" data-elementor-post-type=\"page\">\n\t\t\t\t<div class=\"elementor-element elementor-element-c912cf0 u-sidePadding e-flex e-con-boxed e-con e-parent\" data-id=\"c912cf0\" data-element_type=\"container\">\n\t\t\t\t\t<div class=\"e-con-inner\">\n\t\t\t\t<div class=\"elementor-element elementor-element-369f137 elementor-widget elementor-widget-heading\" data-id=\"369f137\" data-element_type=\"widget\" data-widget_type=\"heading.default\">\n\t\t\t\t<div class=\"elementor-widget-container\">\n\t\t\t\t\t<h1 class=\"elementor-heading-title elementor-size-default\">Exclusion of liability<\/h1>\t\t\t\t<\/div>\n\t\t\t\t<\/div>\n\t\t\t\t<div class=\"elementor-element elementor-element-d761360 u-leadText elementor-widget elementor-widget-text-editor\" data-id=\"d761360\" data-element_type=\"widget\" data-widget_type=\"text-editor.default\">\n\t\t\t\t<div class=\"elementor-widget-container\">\n\t\t\t\t\t\t\t\t\t<p><strong>Inhalt des Onlineangebotes<\/strong><br \/>Der Autor \u00fcbernimmt keine Gew\u00e4hr f\u00fcr die Aktualit\u00e4t, Korrektheit und Vollst\u00e4ndigkeit der auf diesen Seiten bereitgestellten Informationen. Grunds\u00e4tzlich ausgeschlossen werden Haftungsanspr\u00fcche gegen den Autor dieser Seiten, die sich auf Sch\u00e4den materieller oder ideeller Art beziehen und durch die Nutzung oder Nichtnutzung der bereitgestellten Informationen bzw. falscher und unvollst\u00e4ndiger Informationen verursacht worden sind, sofern von Seiten des Autors kein nachweisbares vors\u00e4tzliches oder grob fahrl\u00e4ssiges Verschulden vorliegt.<\/p><p>Alle Angebote sind frei und unverbindlich. Der Autor beh\u00e4lt es sich ausdr\u00fccklich vor, Teile seiner Seiten oder das gesamte Angebot ohne besondere Ank\u00fcndigung zu \u00e4ndern, zu erg\u00e4nzen, zu entfernen oder die Ver\u00f6ffentlichung zeitweise oder ganz einzustellen.<\/p><p><strong>Verweise und Hyperlinks<\/strong><br \/>Eine Haftungsverpflichtung bei direkten oder indirekten Verweisen auf fremde Internetseiten (\u00abLinks\u00bb), die nicht innerhalb des Verantwortungsbereiches des Autors liegen, w\u00fcrde ausschliesslich in Kraft treten, wenn der Autor Kenntnis von den Inhalten hat und es technisch realisierbar und zumutbar w\u00e4re, die Nutzung im Falle von rechtswidrigen Inhalten zu verhindern. Hiermit wird ausdr\u00fccklich vom Autor erkl\u00e4rt, dass zum Zeitpunkt der Linksetzung auf den zu verlinkenden Seiten keinerlei illegale Inhalte erkennbar waren. Der Autor verf\u00fcgt \u00fcber keinerlei Einfluss auf das aktuelle oder zuk\u00fcnftige Design, die dargestellten Inhalte oder die Urheberschaft der verlinkten Seiten. Aus diesem Grund distanziert sich der Autor von jeglichen Inhalten der verlinkten Seiten, die nach der Linksetzung ver\u00e4ndert wurden. Diese Aussage beh\u00e4lt ihre G\u00fcltigkeit f\u00fcr alle innerhalb des eigenen Internetangebotes gesetzten Links und Verweise sowie f\u00fcr externe Eintr\u00e4ge in vom Autor eingerichteten Formularen und Mailinglisten. F\u00fcr alle illegalen, falschen oder nicht vollst\u00e4ndigen Inhalte und besonders f\u00fcr m\u00f6gliche Sch\u00e4den, die nach der Nutzung oder Nichtnutzung derlei angebotener Informationen entstehen, liegt die Haftung allein beim Anbieter der Seite, auf die verwiesen wurde.<\/p><p><strong>Urheber- und Kennzeichenrecht<\/strong><br \/>Der Autor achtet darauf, dass in allen Ver\u00f6ffentlichungen die Urheberrechte der verwendeten Bilder, Sounds, Videoszenen und Texte beachtet werden, selbst erstellte Bilder, Sounds, Videoszenen und Texte genutzt werden oder dass auf lizenzfreie Bilder, Sounds, Videoszenen und Texte zur\u00fcckgegriffen wird. Werden innerhalb des Internetangebotes gesch\u00fctzten Marken- und Warenzeichen genutzt oder ggf. durch Dritte genannt, unterliegen diese ohne Ausnahme den Bestimmungen des jeweils g\u00fcltigen Kennzeichenrechts und den Besitzrechten der jeweiligen eingetragenen Eigent\u00fcmer. Aufgrund der alleinigen Nennung kann nicht der Schluss gezogen werden, dass diese Markenzeichen nicht durch die Rechte Dritter gesch\u00fctzt werden! Das Urheberrecht f\u00fcr ver\u00f6ffentlichte und selbst erarbeitete Objekte bleibt allein beim Autor der Seite. Die Vervielf\u00e4ltigung und die Verwendung dieser Bilder, Sounds, Videoszenen und Texte in anderen elektronischen oder gedruckten Publikationen sind ohne die ausdr\u00fcckliche Zustimmung des Autors nicht gestattet.<\/p><p><strong>Rechtswirksamkeit dieses Haftungsausschlusses<\/strong><br \/>Es gilt, diesen Haftungsausschluss als einen Teil des Onlineangebotes zu betrachten, von dem aus auf diese Seiten hingewiesen wurde. Sollten einzelne Abschnitte oder Formulierungen dieses Textes nicht mehr der geltenden Rechtslage entsprechen oder nicht vollst\u00e4ndig sein, bleiben alle anderen Teile des Dokumentes hinsichtlich ihres Inhalts und dessen G\u00fcltigkeit unber\u00fchrt.<\/p>\t\t\t\t\t\t\t\t<\/div>\n\t\t\t\t<\/div>\n\t\t\t\t\t<\/div>\n\t\t\t\t<\/div>\n\t\t\t\t<\/div>","protected":false},"excerpt":{"rendered":"<p>Haftungsausschluss Inhalt des OnlineangebotesDer Autor \u00fcbernimmt keine Gew\u00e4hr f\u00fcr die Aktualit\u00e4t, Korrektheit und Vollst\u00e4ndigkeit der auf diesen Seiten bereitgestellten Informationen. Grunds\u00e4tzlich ausgeschlossen werden Haftungsanspr\u00fcche gegen den Autor dieser Seiten, die sich auf Sch\u00e4den materieller oder ideeller Art beziehen und durch die Nutzung oder Nichtnutzung der bereitgestellten Informationen bzw. falscher und unvollst\u00e4ndiger Informationen verursacht worden sind, [&hellip;]<\/p>","protected":false},"author":1,"featured_media":0,"parent":0,"menu_order":0,"comment_status":"closed","ping_status":"closed","template":"","meta":{"_acf_changed":false,"inline_featured_image":false,"footnotes":""},"class_list":["post-427","page","type-page","status-publish","hentry"],"acf":[],"yoast_head":"<!-- This site is optimized with the Yoast SEO plugin v26.1.1 - https:\/\/yoast.com\/wordpress\/plugins\/seo\/ -->\n<title>Haftungsausschluss &#8211; Erkl\u00e4rung von Davos 2018<\/title>\n<meta name=\"robots\" content=\"index, follow, max-snippet:-1, max-image-preview:large, max-video-preview:-1\" \/>\n<link rel=\"canonical\" href=\"https:\/\/davosdeclaration2018.ch\/en\/exclusion-of-liability\/\" \/>\n<meta property=\"og:locale\" content=\"en_GB\" \/>\n<meta property=\"og:type\" content=\"article\" \/>\n<meta property=\"og:title\" content=\"Haftungsausschluss &#8211; Erkl\u00e4rung von Davos 2018\" \/>\n<meta property=\"og:description\" content=\"Haftungsausschluss Inhalt des OnlineangebotesDer Autor \u00fcbernimmt keine Gew\u00e4hr f\u00fcr die Aktualit\u00e4t, Korrektheit und Vollst\u00e4ndigkeit der auf diesen Seiten bereitgestellten Informationen. Grunds\u00e4tzlich ausgeschlossen werden Haftungsanspr\u00fcche gegen den Autor dieser Seiten, die sich auf Sch\u00e4den materieller oder ideeller Art beziehen und durch die Nutzung oder Nichtnutzung der bereitgestellten Informationen bzw. falscher und unvollst\u00e4ndiger Informationen verursacht worden sind, [&hellip;]\" \/>\n<meta property=\"og:url\" content=\"https:\/\/davosdeclaration2018.ch\/en\/exclusion-of-liability\/\" \/>\n<meta property=\"og:site_name\" content=\"Erkl\u00e4rung von Davos 2018\" \/>\n<meta property=\"article:modified_time\" content=\"2023-07-05T16:28:49+00:00\" \/>\n<meta name=\"twitter:card\" content=\"summary_large_image\" \/>\n<meta name=\"twitter:label1\" content=\"Estimated reading time\" \/>\n\t<meta name=\"twitter:data1\" content=\"3 minutes\" \/>\n<script type=\"application\/ld+json\" class=\"yoast-schema-graph\">{\"@context\":\"https:\/\/schema.org\",\"@graph\":[{\"@type\":\"WebPage\",\"@id\":\"https:\/\/davosdeclaration2018.ch\/en\/exclusion-of-liability\/\",\"url\":\"https:\/\/davosdeclaration2018.ch\/en\/exclusion-of-liability\/\",\"name\":\"Haftungsausschluss &#8211; Erkl\u00e4rung von Davos 2018\",\"isPartOf\":{\"@id\":\"https:\/\/davosdeclaration2018.ch\/en\/#website\"},\"datePublished\":\"2023-06-16T11:25:17+00:00\",\"dateModified\":\"2023-07-05T16:28:49+00:00\",\"breadcrumb\":{\"@id\":\"https:\/\/davosdeclaration2018.ch\/en\/exclusion-of-liability\/#breadcrumb\"},\"inLanguage\":\"en-GB\",\"potentialAction\":[{\"@type\":\"ReadAction\",\"target\":[\"https:\/\/davosdeclaration2018.ch\/en\/exclusion-of-liability\/\"]}]},{\"@type\":\"BreadcrumbList\",\"@id\":\"https:\/\/davosdeclaration2018.ch\/en\/exclusion-of-liability\/#breadcrumb\",\"itemListElement\":[{\"@type\":\"ListItem\",\"position\":1,\"name\":\"Startseite\",\"item\":\"https:\/\/davosdeclaration2018.ch\/\"},{\"@type\":\"ListItem\",\"position\":2,\"name\":\"Haftungsausschluss\"}]},{\"@type\":\"WebSite\",\"@id\":\"https:\/\/davosdeclaration2018.ch\/en\/#website\",\"url\":\"https:\/\/davosdeclaration2018.ch\/en\/\",\"name\":\"Davos Baukultur Allianz 2023\",\"description\":\"\",\"potentialAction\":[{\"@type\":\"SearchAction\",\"target\":{\"@type\":\"EntryPoint\",\"urlTemplate\":\"https:\/\/davosdeclaration2018.ch\/en\/?s={search_term_string}\"},\"query-input\":{\"@type\":\"PropertyValueSpecification\",\"valueRequired\":true,\"valueName\":\"search_term_string\"}}],\"inLanguage\":\"en-GB\"}]}<\/script>\n<!-- \/ Yoast SEO plugin. -->","yoast_head_json":{"title":"Haftungsausschluss &#8211; Erkl\u00e4rung von Davos 2018","robots":{"index":"index","follow":"follow","max-snippet":"max-snippet:-1","max-image-preview":"max-image-preview:large","max-video-preview":"max-video-preview:-1"},"canonical":"https:\/\/davosdeclaration2018.ch\/en\/exclusion-of-liability\/","og_locale":"en_GB","og_type":"article","og_title":"Haftungsausschluss &#8211; Erkl\u00e4rung von Davos 2018","og_description":"Haftungsausschluss Inhalt des OnlineangebotesDer Autor \u00fcbernimmt keine Gew\u00e4hr f\u00fcr die Aktualit\u00e4t, Korrektheit und Vollst\u00e4ndigkeit der auf diesen Seiten bereitgestellten Informationen. Grunds\u00e4tzlich ausgeschlossen werden Haftungsanspr\u00fcche gegen den Autor dieser Seiten, die sich auf Sch\u00e4den materieller oder ideeller Art beziehen und durch die Nutzung oder Nichtnutzung der bereitgestellten Informationen bzw. falscher und unvollst\u00e4ndiger Informationen verursacht worden sind, [&hellip;]","og_url":"https:\/\/davosdeclaration2018.ch\/en\/exclusion-of-liability\/","og_site_name":"Erkl\u00e4rung von Davos 2018","article_modified_time":"2023-07-05T16:28:49+00:00","twitter_card":"summary_large_image","twitter_misc":{"Estimated reading time":"3 minutes"},"schema":{"@context":"https:\/\/schema.org","@graph":[{"@type":"WebPage","@id":"https:\/\/davosdeclaration2018.ch\/en\/exclusion-of-liability\/","url":"https:\/\/davosdeclaration2018.ch\/en\/exclusion-of-liability\/","name":"Haftungsausschluss &#8211; Erkl\u00e4rung von Davos 2018","isPartOf":{"@id":"https:\/\/davosdeclaration2018.ch\/en\/#website"},"datePublished":"2023-06-16T11:25:17+00:00","dateModified":"2023-07-05T16:28:49+00:00","breadcrumb":{"@id":"https:\/\/davosdeclaration2018.ch\/en\/exclusion-of-liability\/#breadcrumb"},"inLanguage":"en-GB","potentialAction":[{"@type":"ReadAction","target":["https:\/\/davosdeclaration2018.ch\/en\/exclusion-of-liability\/"]}]},{"@type":"BreadcrumbList","@id":"https:\/\/davosdeclaration2018.ch\/en\/exclusion-of-liability\/#breadcrumb","itemListElement":[{"@type":"ListItem","position":1,"name":"Startseite","item":"https:\/\/davosdeclaration2018.ch\/"},{"@type":"ListItem","position":2,"name":"Haftungsausschluss"}]},{"@type":"WebSite","@id":"https:\/\/davosdeclaration2018.ch\/en\/#website","url":"https:\/\/davosdeclaration2018.ch\/en\/","name":"Davos Baukultur Allianz 2023","description":"","potentialAction":[{"@type":"SearchAction","target":{"@type":"EntryPoint","urlTemplate":"https:\/\/davosdeclaration2018.ch\/en\/?s={search_term_string}"},"query-input":{"@type":"PropertyValueSpecification","valueRequired":true,"valueName":"search_term_string"}}],"inLanguage":"en-GB"}]}},"_links":{"self":[{"href":"https:\/\/davosdeclaration2018.ch\/en\/wp-json\/wp\/v2\/pages\/427","targetHints":{"allow":["GET"]}}],"collection":[{"href":"https:\/\/davosdeclaration2018.ch\/en\/wp-json\/wp\/v2\/pages"}],"about":[{"href":"https:\/\/davosdeclaration2018.ch\/en\/wp-json\/wp\/v2\/types\/page"}],"author":[{"embeddable":true,"href":"https:\/\/davosdeclaration2018.ch\/en\/wp-json\/wp\/v2\/users\/1"}],"replies":[{"embeddable":true,"href":"https:\/\/davosdeclaration2018.ch\/en\/wp-json\/wp\/v2\/comments?post=427"}],"version-history":[{"count":7,"href":"https:\/\/davosdeclaration2018.ch\/en\/wp-json\/wp\/v2\/pages\/427\/revisions"}],"predecessor-version":[{"id":1757,"href":"https:\/\/davosdeclaration2018.ch\/en\/wp-json\/wp\/v2\/pages\/427\/revisions\/1757"}],"wp:attachment":[{"href":"https:\/\/davosdeclaration2018.ch\/en\/wp-json\/wp\/v2\/media?parent=427"}],"curies":[{"name":"wp","href":"https:\/\/api.w.org\/{rel}","templated":true}]}}