{"id":429,"date":"2023-06-16T13:25:26","date_gmt":"2023-06-16T11:25:26","guid":{"rendered":"https:\/\/davos.dclabs.ch\/?page_id=429"},"modified":"2023-07-14T14:12:32","modified_gmt":"2023-07-14T12:12:32","slug":"data-protection-statement","status":"publish","type":"page","link":"https:\/\/davosdeclaration2018.ch\/en\/data-protection-statement\/","title":{"rendered":"Data protection statement"},"content":{"rendered":"<div data-elementor-type=\"wp-page\" data-elementor-id=\"429\" class=\"elementor elementor-429\" data-elementor-post-type=\"page\">\n\t\t\t\t<div class=\"elementor-element elementor-element-4a9ebca u-sidePadding e-flex e-con-boxed e-con e-parent\" data-id=\"4a9ebca\" data-element_type=\"container\">\n\t\t\t\t\t<div class=\"e-con-inner\">\n\t\t\t\t<div class=\"elementor-element elementor-element-bd9ab99 elementor-widget elementor-widget-heading\" data-id=\"bd9ab99\" data-element_type=\"widget\" data-widget_type=\"heading.default\">\n\t\t\t\t<div class=\"elementor-widget-container\">\n\t\t\t\t\t<h1 class=\"elementor-heading-title elementor-size-default\">Data protection statement<\/h1>\t\t\t\t<\/div>\n\t\t\t\t<\/div>\n\t\t<div class=\"elementor-element elementor-element-9218c2c e-flex e-con-boxed e-con e-parent\" data-id=\"9218c2c\" data-element_type=\"container\" data-no-translation=\"\">\n\t\t\t\t\t<div class=\"e-con-inner\">\n\t\t\t\t<div class=\"elementor-element elementor-element-6d6f507 u-leadText elementor-widget elementor-widget-text-editor\" data-id=\"6d6f507\" data-element_type=\"widget\" data-widget_type=\"text-editor.default\">\n\t\t\t\t<div class=\"elementor-widget-container\">\n\t\t\t\t\t\t\t\t\t<h2>Consent to the use of cookies.<\/h2>\n<p>For our website to function properly we use cookies. To obtain your valid consent for the use and storage of cookies in the browser you use to access our website and to properly document this we use a consent management platform: CookieFirst. This technology is provided by Digital Data Solutions BV, Plantage Middenlaan 42a, 1018 DH, Amsterdam, The Netherlands. Website: <a href='https:\/\/cookiefirst.com' title='Cookiefirst page'>https:\/\/cookiefirst.com<\/a> referred to as CookieFirst.<\/p>\n<p>When you access our website, a connection is established with CookieFirst\u2019s server to give us the possibility to obtain valid consent from you to the use of certain cookies. CookieFirst then stores a cookie in your browser in order to be able to activate only those cookies to which you have consented and to properly document this. The data processed is stored until the predefined storage period expires or you request to delete the data. Certain mandatory legal storage periods may apply notwithstanding the aforementioned.<\/p>\n<p>CookieFirst is used to obtain the legally required consent for the use of cookies. The legal basis for this is article 6(1)(c) of the General Data Protection Regulation (GDPR).<\/p>\n<h2>Data processing agreement<\/h2>\n<p>We have concluded a data processing agreement with CookieFirst. This is a contract required by data protection law, which ensures that data of our website visitors is only processed in accordance with our instructions and in compliance with the GDPR.<\/p>\n<h2>Server log files<\/h2>\n<p>Our website and CookieFirst automatically collect and store information in so-called server log files, which your browser automatically transmits to us. The following data is collected:<\/p>\n<ul>\n<li>Your consent status or the withdrawal of consent<\/li>\n<li>Your anonymised IP address<\/li>\n<li>Information about your Browser<\/li>\n<li>Information about your Device<\/li>\n<li>The date and time you have visited our website<\/li>\n<li>The webpage url where you saved or updated your consent preferences<\/li>\n<li>The approximate location of the user that saved their consent preference<\/li>\n<li>A universally unique identifier (UUID) of the website visitor that clicked the cookie banner<\/li>\n<\/ul>\t\t\t\t\t\t\t\t<\/div>\n\t\t\t\t<\/div>\n\t\t\t\t<div class=\"elementor-element elementor-element-7226582 m-cookieFirst elementor-widget elementor-widget-html\" data-id=\"7226582\" data-element_type=\"widget\" data-widget_type=\"html.default\">\n\t\t\t\t<div class=\"elementor-widget-container\">\n\t\t\t\t\t<div id=\"cookiefirst-policy-page\"><\/div>\n<div>This cookie policy has been created and updated by <a href=\"https:\/\/cookiefirst.com\/cookie-banner\/\">Cookie Banner<\/a>.<\/div>\n\n<div id=\"cookiefirst-cookies-table\"><\/div>\n<div>This cookie table has been created and updated by the <a href=\"https:\/\/cookiefirst.com\/cookie-consent\/\">the Cookie Consent Tool<\/a>.<\/div>\t\t\t\t<\/div>\n\t\t\t\t<\/div>\n\t\t\t\t\t<\/div>\n\t\t\t\t<\/div>\n\t\t\t\t\t<\/div>\n\t\t\t\t<\/div>\n\t\t\t\t<\/div>","protected":false},"excerpt":{"rendered":"<p>Datenschutzerkl\u00e4rung Einwilligung in die Nutzung von Cookies. Damit unsere Webseite ordnungsgem\u00e4\u00df funktioniert, verwenden wir Cookies. Um Ihre g\u00fcltige Zustimmung zur Verwendung und Speicherung von Cookies in dem Browser, den Sie f\u00fcr den Zugriff auf unsere Webseite verwenden, zu erhalten und dies ordnungsgem\u00e4\u00df zu dokumentieren, verwenden wir eine Zustimmungsmanagement-Plattform: CookieFirst. Diese Technologie wird von Digital Data [&hellip;]<\/p>","protected":false},"author":1,"featured_media":0,"parent":0,"menu_order":0,"comment_status":"closed","ping_status":"closed","template":"","meta":{"_acf_changed":false,"inline_featured_image":false,"footnotes":""},"class_list":["post-429","page","type-page","status-publish","hentry"],"acf":[],"yoast_head":"<!-- This site is optimized with the Yoast SEO plugin v26.1.1 - https:\/\/yoast.com\/wordpress\/plugins\/seo\/ -->\n<title>Datenschutzerkl\u00e4rung &#8211; Erkl\u00e4rung von Davos 2018<\/title>\n<meta name=\"robots\" content=\"index, follow, max-snippet:-1, max-image-preview:large, max-video-preview:-1\" \/>\n<link rel=\"canonical\" href=\"https:\/\/davosdeclaration2018.ch\/en\/data-protection-statement\/\" \/>\n<meta property=\"og:locale\" content=\"en_GB\" \/>\n<meta property=\"og:type\" content=\"article\" \/>\n<meta property=\"og:title\" content=\"Datenschutzerkl\u00e4rung &#8211; Erkl\u00e4rung von Davos 2018\" \/>\n<meta property=\"og:description\" content=\"Datenschutzerkl\u00e4rung Einwilligung in die Nutzung von Cookies. Damit unsere Webseite ordnungsgem\u00e4\u00df funktioniert, verwenden wir Cookies. Um Ihre g\u00fcltige Zustimmung zur Verwendung und Speicherung von Cookies in dem Browser, den Sie f\u00fcr den Zugriff auf unsere Webseite verwenden, zu erhalten und dies ordnungsgem\u00e4\u00df zu dokumentieren, verwenden wir eine Zustimmungsmanagement-Plattform: CookieFirst. Diese Technologie wird von Digital Data [&hellip;]\" \/>\n<meta property=\"og:url\" content=\"https:\/\/davosdeclaration2018.ch\/en\/data-protection-statement\/\" \/>\n<meta property=\"og:site_name\" content=\"Erkl\u00e4rung von Davos 2018\" \/>\n<meta property=\"article:modified_time\" content=\"2023-07-14T12:12:32+00:00\" \/>\n<meta name=\"twitter:card\" content=\"summary_large_image\" \/>\n<meta name=\"twitter:label1\" content=\"Estimated reading time\" \/>\n\t<meta name=\"twitter:data1\" content=\"9 minutes\" \/>\n<script type=\"application\/ld+json\" class=\"yoast-schema-graph\">{\"@context\":\"https:\/\/schema.org\",\"@graph\":[{\"@type\":\"WebPage\",\"@id\":\"https:\/\/davosdeclaration2018.ch\/it\/informativa-sulla-privacy\/\",\"url\":\"https:\/\/davosdeclaration2018.ch\/it\/informativa-sulla-privacy\/\",\"name\":\"Datenschutzerkl\u00e4rung &#8211; Erkl\u00e4rung von Davos 2018\",\"isPartOf\":{\"@id\":\"https:\/\/davosdeclaration2018.ch\/en\/#website\"},\"datePublished\":\"2023-06-16T11:25:26+00:00\",\"dateModified\":\"2023-07-14T12:12:32+00:00\",\"breadcrumb\":{\"@id\":\"https:\/\/davosdeclaration2018.ch\/it\/informativa-sulla-privacy\/#breadcrumb\"},\"inLanguage\":\"en-GB\",\"potentialAction\":[{\"@type\":\"ReadAction\",\"target\":[\"https:\/\/davosdeclaration2018.ch\/it\/informativa-sulla-privacy\/\"]}]},{\"@type\":\"BreadcrumbList\",\"@id\":\"https:\/\/davosdeclaration2018.ch\/it\/informativa-sulla-privacy\/#breadcrumb\",\"itemListElement\":[{\"@type\":\"ListItem\",\"position\":1,\"name\":\"Startseite\",\"item\":\"https:\/\/davosdeclaration2018.ch\/\"},{\"@type\":\"ListItem\",\"position\":2,\"name\":\"Datenschutzerkl\u00e4rung\"}]},{\"@type\":\"WebSite\",\"@id\":\"https:\/\/davosdeclaration2018.ch\/en\/#website\",\"url\":\"https:\/\/davosdeclaration2018.ch\/en\/\",\"name\":\"Davos Baukultur Allianz 2023\",\"description\":\"\",\"potentialAction\":[{\"@type\":\"SearchAction\",\"target\":{\"@type\":\"EntryPoint\",\"urlTemplate\":\"https:\/\/davosdeclaration2018.ch\/en\/?s={search_term_string}\"},\"query-input\":{\"@type\":\"PropertyValueSpecification\",\"valueRequired\":true,\"valueName\":\"search_term_string\"}}],\"inLanguage\":\"en-GB\"}]}<\/script>\n<!-- \/ Yoast SEO plugin. -->","yoast_head_json":{"title":"Datenschutzerkl\u00e4rung &#8211; Erkl\u00e4rung von Davos 2018","robots":{"index":"index","follow":"follow","max-snippet":"max-snippet:-1","max-image-preview":"max-image-preview:large","max-video-preview":"max-video-preview:-1"},"canonical":"https:\/\/davosdeclaration2018.ch\/en\/data-protection-statement\/","og_locale":"en_GB","og_type":"article","og_title":"Datenschutzerkl\u00e4rung &#8211; Erkl\u00e4rung von Davos 2018","og_description":"Datenschutzerkl\u00e4rung Einwilligung in die Nutzung von Cookies. Damit unsere Webseite ordnungsgem\u00e4\u00df funktioniert, verwenden wir Cookies. Um Ihre g\u00fcltige Zustimmung zur Verwendung und Speicherung von Cookies in dem Browser, den Sie f\u00fcr den Zugriff auf unsere Webseite verwenden, zu erhalten und dies ordnungsgem\u00e4\u00df zu dokumentieren, verwenden wir eine Zustimmungsmanagement-Plattform: CookieFirst. Diese Technologie wird von Digital Data [&hellip;]","og_url":"https:\/\/davosdeclaration2018.ch\/en\/data-protection-statement\/","og_site_name":"Erkl\u00e4rung von Davos 2018","article_modified_time":"2023-07-14T12:12:32+00:00","twitter_card":"summary_large_image","twitter_misc":{"Estimated reading time":"9 minutes"},"schema":{"@context":"https:\/\/schema.org","@graph":[{"@type":"WebPage","@id":"https:\/\/davosdeclaration2018.ch\/it\/informativa-sulla-privacy\/","url":"https:\/\/davosdeclaration2018.ch\/it\/informativa-sulla-privacy\/","name":"Datenschutzerkl\u00e4rung &#8211; Erkl\u00e4rung von Davos 2018","isPartOf":{"@id":"https:\/\/davosdeclaration2018.ch\/en\/#website"},"datePublished":"2023-06-16T11:25:26+00:00","dateModified":"2023-07-14T12:12:32+00:00","breadcrumb":{"@id":"https:\/\/davosdeclaration2018.ch\/it\/informativa-sulla-privacy\/#breadcrumb"},"inLanguage":"en-GB","potentialAction":[{"@type":"ReadAction","target":["https:\/\/davosdeclaration2018.ch\/it\/informativa-sulla-privacy\/"]}]},{"@type":"BreadcrumbList","@id":"https:\/\/davosdeclaration2018.ch\/it\/informativa-sulla-privacy\/#breadcrumb","itemListElement":[{"@type":"ListItem","position":1,"name":"Startseite","item":"https:\/\/davosdeclaration2018.ch\/"},{"@type":"ListItem","position":2,"name":"Datenschutzerkl\u00e4rung"}]},{"@type":"WebSite","@id":"https:\/\/davosdeclaration2018.ch\/en\/#website","url":"https:\/\/davosdeclaration2018.ch\/en\/","name":"Davos Baukultur Allianz 2023","description":"","potentialAction":[{"@type":"SearchAction","target":{"@type":"EntryPoint","urlTemplate":"https:\/\/davosdeclaration2018.ch\/en\/?s={search_term_string}"},"query-input":{"@type":"PropertyValueSpecification","valueRequired":true,"valueName":"search_term_string"}}],"inLanguage":"en-GB"}]}},"_links":{"self":[{"href":"https:\/\/davosdeclaration2018.ch\/en\/wp-json\/wp\/v2\/pages\/429","targetHints":{"allow":["GET"]}}],"collection":[{"href":"https:\/\/davosdeclaration2018.ch\/en\/wp-json\/wp\/v2\/pages"}],"about":[{"href":"https:\/\/davosdeclaration2018.ch\/en\/wp-json\/wp\/v2\/types\/page"}],"author":[{"embeddable":true,"href":"https:\/\/davosdeclaration2018.ch\/en\/wp-json\/wp\/v2\/users\/1"}],"replies":[{"embeddable":true,"href":"https:\/\/davosdeclaration2018.ch\/en\/wp-json\/wp\/v2\/comments?post=429"}],"version-history":[{"count":16,"href":"https:\/\/davosdeclaration2018.ch\/en\/wp-json\/wp\/v2\/pages\/429\/revisions"}],"predecessor-version":[{"id":1809,"href":"https:\/\/davosdeclaration2018.ch\/en\/wp-json\/wp\/v2\/pages\/429\/revisions\/1809"}],"wp:attachment":[{"href":"https:\/\/davosdeclaration2018.ch\/en\/wp-json\/wp\/v2\/media?parent=429"}],"curies":[{"name":"wp","href":"https:\/\/api.w.org\/{rel}","templated":true}]}}