{"id":429,"date":"2023-06-16T13:25:26","date_gmt":"2023-06-16T11:25:26","guid":{"rendered":"https:\/\/davos.dclabs.ch\/?page_id=429"},"modified":"2023-07-14T14:12:32","modified_gmt":"2023-07-14T12:12:32","slug":"declaration-de-confidentialite","status":"publish","type":"page","link":"https:\/\/davosdeclaration2018.ch\/fr\/declaration-de-confidentialite\/","title":{"rendered":"D\u00e9claration de confidentialit\u00e9"},"content":{"rendered":"<div data-elementor-type=\"wp-page\" data-elementor-id=\"429\" class=\"elementor elementor-429\" data-elementor-post-type=\"page\">\n\t\t\t\t<div class=\"elementor-element elementor-element-4a9ebca u-sidePadding e-flex e-con-boxed e-con e-parent\" data-id=\"4a9ebca\" data-element_type=\"container\">\n\t\t\t\t\t<div class=\"e-con-inner\">\n\t\t\t\t<div class=\"elementor-element elementor-element-bd9ab99 elementor-widget elementor-widget-heading\" data-id=\"bd9ab99\" data-element_type=\"widget\" data-widget_type=\"heading.default\">\n\t\t\t\t<div class=\"elementor-widget-container\">\n\t\t\t\t\t<h1 class=\"elementor-heading-title elementor-size-default\">D\u00e9claration de confidentialit\u00e9<\/h1>\t\t\t\t<\/div>\n\t\t\t\t<\/div>\n\t\t<div class=\"elementor-element elementor-element-c496f66 e-flex e-con-boxed e-con e-parent\" data-id=\"c496f66\" data-element_type=\"container\" data-no-translation=\"\">\n\t\t\t\t\t<div class=\"e-con-inner\">\n\t\t\t\t<div class=\"elementor-element elementor-element-235b589 u-leadText elementor-widget elementor-widget-text-editor\" data-id=\"235b589\" data-element_type=\"widget\" data-widget_type=\"text-editor.default\">\n\t\t\t\t<div class=\"elementor-widget-container\">\n\t\t\t\t\t\t\t\t\t<h2>Consentement \u00e0 l&#8217;utilisation de cookies.<\/h2>\n<p>Pour le bon fonctionnement de notre site Web, nous utilisons cookies. Afin d&#8217;obtenir votre consentement valide pour l&#8217;utilisation et le stockage de cookies dans le navigateur que vous utilisez pour acc\u00e9der \u00e0 notre site Web et pour documenter correctement ceci, nous utilisons une plateforme de gestion des consentements : CookieFirst. Cette technologie est fournie par Digital Data Solutions BV, Plantage Middenlaan 42a, 1018 DH, Amsterdam, Pays-Bas. Site web <a href='https:\/\/cookiefirst.com' title='Cookiefirst page'>: https:\/\/cookiefirst.com<\/a> d\u00e9sign\u00e9 sous le nom de CookieFirst.<\/p>\n<p>Lorsque vous acc\u00e9dez \u00e0 notre site web, une connexion est \u00e9tablie avec le serveur de CookieFirstpour nous donner la possibilit\u00e9 d&#8217;obtenir un consentement valide de votre part pour l&#8217;utilisation de certains cookies. CookieFirst stocke ensuite un cookie dans votre navigateur afin de pouvoir activer uniquement les cookies auxquels vous avez consenti et de le documenter correctement. Les donn\u00e9es trait\u00e9es sont stock\u00e9es jusqu&#8217;\u00e0 l&#8217;expiration de la p\u00e9riode de stockage pr\u00e9d\u00e9finie ou jusqu&#8217;\u00e0 ce que vous demandiez la suppression des donn\u00e9es. Certaines p\u00e9riodes de conservation l\u00e9gales obligatoires peuvent s&#8217;appliquer nonobstant ce qui pr\u00e9c\u00e8de.<\/p>\n<p>CookieFirst est utilis\u00e9 pour obtenir le consentement l\u00e9galement requis pour l&#8217;utilisation de cookies. La base juridique pour cela est l&#8217;article 6, paragraphe 1, point c), du r\u00e8glement g\u00e9n\u00e9ral sur la protection des donn\u00e9es (RGPD).<\/p>\n<h2>Accord de traitement des donn\u00e9es<\/h2>\n<p>Nous avons conclu un accord de traitement des donn\u00e9es avec CookieFirst. Il s&#8217;agit d&#8217;un contrat requis par la loi sur la protection des donn\u00e9es, qui garantit que les donn\u00e9es des visiteurs de notre site Web ne sont trait\u00e9es que conform\u00e9ment \u00e0 nos instructions et dans le respect du GDPR.<\/p>\n<h2>Fichiers journaux du serveur<\/h2>\n<p>Notre site web et CookieFirst collectent et stockent automatiquement des informations dans ce qu&#8217;on appelle des fichiers journaux de serveur, que votre navigateur nous transmet automatiquement. Les donn\u00e9es suivantes sont collect\u00e9es :<\/p>\n<ul>\n<li>Votre statut de consentement ou le retrait du consentement.<\/li>\n<li>Votre adresse IP anonyme<\/li>\n<li>Des informations sur votre navigateur<\/li>\n<li>Informations sur votre appareil<\/li>\n<li>La date et l&#8217;heure de votre visite sur notre site web<\/li>\n<li>L&#8217;url de la page web o\u00f9 vous avez enregistr\u00e9 ou mis \u00e0 jour vos pr\u00e9f\u00e9rences de consentement<\/li>\n<li>L&#8217;emplacement approximatif de l&#8217;utilisateur qui a enregistr\u00e9 ses pr\u00e9f\u00e9rences en mati\u00e8re de consentement.<\/li>\n<li>un identifiant unique universel (UUID) du visiteur du site web qui a cliqu\u00e9 sur la banni\u00e8re cookie.<\/li>\n<\/ul>\t\t\t\t\t\t\t\t<\/div>\n\t\t\t\t<\/div>\n\t\t\t\t<div class=\"elementor-element elementor-element-ab5d7ff m-cookieFirst elementor-widget elementor-widget-html\" data-id=\"ab5d7ff\" data-element_type=\"widget\" data-widget_type=\"html.default\">\n\t\t\t\t<div class=\"elementor-widget-container\">\n\t\t\t\t\t<div id=\"cookiefirst-policy-page\"><\/div>\n<div>Cette d\u00e9claration de cookie a \u00e9t\u00e9 cr\u00e9\u00e9e et mise \u00e0 jour par <a href=\"https:\/\/cookiefirst.com\/fr\/bandeau-cookies\/\">CookieFirst - Bandeau Cookies<\/a>.<\/div>\n\n<div id=\"cookiefirst-cookies-table\"><\/div>\n<div>Cette table de cookies a \u00e9t\u00e9 cr\u00e9\u00e9e et mise \u00e0 jour par le <a href=\"https:\/\/cookiefirst.com\/fr\/bandeau-cookies\/\">CookieFirst - Bandeau Cookies<\/a>.<\/div>\t\t\t\t<\/div>\n\t\t\t\t<\/div>\n\t\t\t\t\t<\/div>\n\t\t\t\t<\/div>\n\t\t\t\t\t<\/div>\n\t\t\t\t<\/div>\n\t\t\t\t<\/div>","protected":false},"excerpt":{"rendered":"<p>Datenschutzerkl\u00e4rung Einwilligung in die Nutzung von Cookies. Damit unsere Webseite ordnungsgem\u00e4\u00df funktioniert, verwenden wir Cookies. Um Ihre g\u00fcltige Zustimmung zur Verwendung und Speicherung von Cookies in dem Browser, den Sie f\u00fcr den Zugriff auf unsere Webseite verwenden, zu erhalten und dies ordnungsgem\u00e4\u00df zu dokumentieren, verwenden wir eine Zustimmungsmanagement-Plattform: CookieFirst. Diese Technologie wird von Digital Data [&hellip;]<\/p>","protected":false},"author":1,"featured_media":0,"parent":0,"menu_order":0,"comment_status":"closed","ping_status":"closed","template":"","meta":{"_acf_changed":false,"inline_featured_image":false,"footnotes":""},"class_list":["post-429","page","type-page","status-publish","hentry"],"acf":[],"yoast_head":"<!-- This site is optimized with the Yoast SEO plugin v26.1.1 - https:\/\/yoast.com\/wordpress\/plugins\/seo\/ -->\n<title>Datenschutzerkl\u00e4rung &#8211; Erkl\u00e4rung von Davos 2018<\/title>\n<meta name=\"robots\" content=\"index, follow, max-snippet:-1, max-image-preview:large, max-video-preview:-1\" \/>\n<link rel=\"canonical\" href=\"https:\/\/davosdeclaration2018.ch\/fr\/declaration-de-confidentialite\/\" \/>\n<meta property=\"og:locale\" content=\"fr_FR\" \/>\n<meta property=\"og:type\" content=\"article\" \/>\n<meta property=\"og:title\" content=\"Datenschutzerkl\u00e4rung &#8211; Erkl\u00e4rung von Davos 2018\" \/>\n<meta property=\"og:description\" content=\"Datenschutzerkl\u00e4rung Einwilligung in die Nutzung von Cookies. Damit unsere Webseite ordnungsgem\u00e4\u00df funktioniert, verwenden wir Cookies. Um Ihre g\u00fcltige Zustimmung zur Verwendung und Speicherung von Cookies in dem Browser, den Sie f\u00fcr den Zugriff auf unsere Webseite verwenden, zu erhalten und dies ordnungsgem\u00e4\u00df zu dokumentieren, verwenden wir eine Zustimmungsmanagement-Plattform: CookieFirst. Diese Technologie wird von Digital Data [&hellip;]\" \/>\n<meta property=\"og:url\" content=\"https:\/\/davosdeclaration2018.ch\/fr\/declaration-de-confidentialite\/\" \/>\n<meta property=\"og:site_name\" content=\"Erkl\u00e4rung von Davos 2018\" \/>\n<meta property=\"article:modified_time\" content=\"2023-07-14T12:12:32+00:00\" \/>\n<meta name=\"twitter:card\" content=\"summary_large_image\" \/>\n<meta name=\"twitter:label1\" content=\"Dur\u00e9e de lecture estim\u00e9e\" \/>\n\t<meta name=\"twitter:data1\" content=\"9 minutes\" \/>\n<script type=\"application\/ld+json\" class=\"yoast-schema-graph\">{\"@context\":\"https:\/\/schema.org\",\"@graph\":[{\"@type\":\"WebPage\",\"@id\":\"https:\/\/davosdeclaration2018.ch\/it\/informativa-sulla-privacy\/\",\"url\":\"https:\/\/davosdeclaration2018.ch\/it\/informativa-sulla-privacy\/\",\"name\":\"Datenschutzerkl\u00e4rung &#8211; Erkl\u00e4rung von Davos 2018\",\"isPartOf\":{\"@id\":\"https:\/\/davosdeclaration2018.ch\/en\/#website\"},\"datePublished\":\"2023-06-16T11:25:26+00:00\",\"dateModified\":\"2023-07-14T12:12:32+00:00\",\"breadcrumb\":{\"@id\":\"https:\/\/davosdeclaration2018.ch\/it\/informativa-sulla-privacy\/#breadcrumb\"},\"inLanguage\":\"fr-FR\",\"potentialAction\":[{\"@type\":\"ReadAction\",\"target\":[\"https:\/\/davosdeclaration2018.ch\/it\/informativa-sulla-privacy\/\"]}]},{\"@type\":\"BreadcrumbList\",\"@id\":\"https:\/\/davosdeclaration2018.ch\/it\/informativa-sulla-privacy\/#breadcrumb\",\"itemListElement\":[{\"@type\":\"ListItem\",\"position\":1,\"name\":\"Startseite\",\"item\":\"https:\/\/davosdeclaration2018.ch\/\"},{\"@type\":\"ListItem\",\"position\":2,\"name\":\"Datenschutzerkl\u00e4rung\"}]},{\"@type\":\"WebSite\",\"@id\":\"https:\/\/davosdeclaration2018.ch\/en\/#website\",\"url\":\"https:\/\/davosdeclaration2018.ch\/en\/\",\"name\":\"Davos Baukultur Allianz 2023\",\"description\":\"\",\"potentialAction\":[{\"@type\":\"SearchAction\",\"target\":{\"@type\":\"EntryPoint\",\"urlTemplate\":\"https:\/\/davosdeclaration2018.ch\/en\/?s={search_term_string}\"},\"query-input\":{\"@type\":\"PropertyValueSpecification\",\"valueRequired\":true,\"valueName\":\"search_term_string\"}}],\"inLanguage\":\"fr-FR\"}]}<\/script>\n<!-- \/ Yoast SEO plugin. -->","yoast_head_json":{"title":"Datenschutzerkl\u00e4rung &#8211; Erkl\u00e4rung von Davos 2018","robots":{"index":"index","follow":"follow","max-snippet":"max-snippet:-1","max-image-preview":"max-image-preview:large","max-video-preview":"max-video-preview:-1"},"canonical":"https:\/\/davosdeclaration2018.ch\/fr\/declaration-de-confidentialite\/","og_locale":"fr_FR","og_type":"article","og_title":"Datenschutzerkl\u00e4rung &#8211; Erkl\u00e4rung von Davos 2018","og_description":"Datenschutzerkl\u00e4rung Einwilligung in die Nutzung von Cookies. Damit unsere Webseite ordnungsgem\u00e4\u00df funktioniert, verwenden wir Cookies. Um Ihre g\u00fcltige Zustimmung zur Verwendung und Speicherung von Cookies in dem Browser, den Sie f\u00fcr den Zugriff auf unsere Webseite verwenden, zu erhalten und dies ordnungsgem\u00e4\u00df zu dokumentieren, verwenden wir eine Zustimmungsmanagement-Plattform: CookieFirst. Diese Technologie wird von Digital Data [&hellip;]","og_url":"https:\/\/davosdeclaration2018.ch\/fr\/declaration-de-confidentialite\/","og_site_name":"Erkl\u00e4rung von Davos 2018","article_modified_time":"2023-07-14T12:12:32+00:00","twitter_card":"summary_large_image","twitter_misc":{"Dur\u00e9e de lecture estim\u00e9e":"9 minutes"},"schema":{"@context":"https:\/\/schema.org","@graph":[{"@type":"WebPage","@id":"https:\/\/davosdeclaration2018.ch\/it\/informativa-sulla-privacy\/","url":"https:\/\/davosdeclaration2018.ch\/it\/informativa-sulla-privacy\/","name":"Datenschutzerkl\u00e4rung &#8211; Erkl\u00e4rung von Davos 2018","isPartOf":{"@id":"https:\/\/davosdeclaration2018.ch\/en\/#website"},"datePublished":"2023-06-16T11:25:26+00:00","dateModified":"2023-07-14T12:12:32+00:00","breadcrumb":{"@id":"https:\/\/davosdeclaration2018.ch\/it\/informativa-sulla-privacy\/#breadcrumb"},"inLanguage":"fr-FR","potentialAction":[{"@type":"ReadAction","target":["https:\/\/davosdeclaration2018.ch\/it\/informativa-sulla-privacy\/"]}]},{"@type":"BreadcrumbList","@id":"https:\/\/davosdeclaration2018.ch\/it\/informativa-sulla-privacy\/#breadcrumb","itemListElement":[{"@type":"ListItem","position":1,"name":"Startseite","item":"https:\/\/davosdeclaration2018.ch\/"},{"@type":"ListItem","position":2,"name":"Datenschutzerkl\u00e4rung"}]},{"@type":"WebSite","@id":"https:\/\/davosdeclaration2018.ch\/en\/#website","url":"https:\/\/davosdeclaration2018.ch\/en\/","name":"Davos Baukultur Allianz 2023","description":"","potentialAction":[{"@type":"SearchAction","target":{"@type":"EntryPoint","urlTemplate":"https:\/\/davosdeclaration2018.ch\/en\/?s={search_term_string}"},"query-input":{"@type":"PropertyValueSpecification","valueRequired":true,"valueName":"search_term_string"}}],"inLanguage":"fr-FR"}]}},"_links":{"self":[{"href":"https:\/\/davosdeclaration2018.ch\/fr\/wp-json\/wp\/v2\/pages\/429","targetHints":{"allow":["GET"]}}],"collection":[{"href":"https:\/\/davosdeclaration2018.ch\/fr\/wp-json\/wp\/v2\/pages"}],"about":[{"href":"https:\/\/davosdeclaration2018.ch\/fr\/wp-json\/wp\/v2\/types\/page"}],"author":[{"embeddable":true,"href":"https:\/\/davosdeclaration2018.ch\/fr\/wp-json\/wp\/v2\/users\/1"}],"replies":[{"embeddable":true,"href":"https:\/\/davosdeclaration2018.ch\/fr\/wp-json\/wp\/v2\/comments?post=429"}],"version-history":[{"count":16,"href":"https:\/\/davosdeclaration2018.ch\/fr\/wp-json\/wp\/v2\/pages\/429\/revisions"}],"predecessor-version":[{"id":1809,"href":"https:\/\/davosdeclaration2018.ch\/fr\/wp-json\/wp\/v2\/pages\/429\/revisions\/1809"}],"wp:attachment":[{"href":"https:\/\/davosdeclaration2018.ch\/fr\/wp-json\/wp\/v2\/media?parent=429"}],"curies":[{"name":"wp","href":"https:\/\/api.w.org\/{rel}","templated":true}]}}