{"id":610,"date":"2023-06-19T12:13:02","date_gmt":"2023-06-19T10:13:02","guid":{"rendered":"https:\/\/davos.dclabs.ch\/?page_id=610"},"modified":"2023-06-26T13:28:07","modified_gmt":"2023-06-26T11:28:07","slug":"devenez-partenaire","status":"publish","type":"page","link":"https:\/\/davosdeclaration2018.ch\/fr\/devenez-partenaire\/","title":{"rendered":"Devenez partenaire"},"content":{"rendered":"<div data-elementor-type=\"wp-page\" data-elementor-id=\"610\" class=\"elementor elementor-610\" data-elementor-post-type=\"page\">\n\t\t\t\t<div class=\"elementor-element elementor-element-aa0674c u-sidePadding e-flex e-con-boxed e-con e-parent\" data-id=\"aa0674c\" data-element_type=\"container\">\n\t\t\t\t\t<div class=\"e-con-inner\">\n\t\t\t\t<div class=\"elementor-element elementor-element-d418205 elementor-widget elementor-widget-dcwi-content-block\" data-id=\"d418205\" data-element_type=\"widget\" data-widget_type=\"dcwi-content-block.default\">\n\t\t\t\t<div class=\"elementor-widget-container\">\n\t\t\t\t\t        <div class=\"m-contentBlock -wide  -borderTop\" >\n                            <div class=\"m-contentBlock__header\">\n                    <h1 class=\"u-noMargin\">Devenez partenaire<\/h1>                <\/div>\n                        <div class=\"m-contentBlock__inner\">\n                <div class=\"m-contentBlock__imageWrapper\"><\/div>                <div class=\"m-contentBlock__content\">\n                                                        <\/div>\n            <\/div>\n        <\/div>\n        \t\t\t\t<\/div>\n\t\t\t\t<\/div>\n\t\t\t\t\t<\/div>\n\t\t\t\t<\/div>\n\t\t<div class=\"elementor-element elementor-element-3285952 u-sidePadding e-flex e-con-boxed e-con e-parent\" data-id=\"3285952\" data-element_type=\"container\">\n\t\t\t\t\t<div class=\"e-con-inner\">\n\t\t\t\t<div class=\"elementor-element elementor-element-a4bc6a4 o-dcwiForm elementor-widget elementor-widget-shortcode\" data-id=\"a4bc6a4\" data-element_type=\"widget\" data-no-translation=\"\" data-widget_type=\"shortcode.default\">\n\t\t\t\t<div class=\"elementor-widget-container\">\n\t\t\t\t\t<style>.elementor-element-a4bc6a4{display:none !important}<\/style>\t\t\t\t<\/div>\n\t\t\t\t<\/div>\n\t\t\t\t<div class=\"elementor-element elementor-element-b857b89 o-dcwiForm elementor-widget elementor-widget-shortcode\" data-id=\"b857b89\" data-element_type=\"widget\" data-no-translation=\"\" data-widget_type=\"shortcode.default\">\n\t\t\t\t<div class=\"elementor-widget-container\">\n\t\t\t\t\t<style>.elementor-element-b857b89{display:none !important}<\/style>\t\t\t\t<\/div>\n\t\t\t\t<\/div>\n\t\t\t\t<div class=\"elementor-element elementor-element-5dcf9a5 o-dcwiForm elementor-widget elementor-widget-shortcode\" data-id=\"5dcf9a5\" data-element_type=\"widget\" data-no-translation=\"\" data-widget_type=\"shortcode.default\">\n\t\t\t\t<div class=\"elementor-widget-container\">\n\t\t\t\t\t\t\t<div class=\"elementor-shortcode\"><div id=\"quform-a4b88b\" class=\"quform quform-3 quform-support-page-caching\"><form id=\"quform-form-a4b88b\" class=\"quform-form quform-form-3\" action=\"\/fr\/wp-json\/wp\/v2\/pages\/610#quform-a4b88b\" method=\"post\" enctype=\"multipart\/form-data\" novalidate=\"novalidate\" data-options=\"{&quot;id&quot;:3,&quot;uniqueId&quot;:&quot;a4b88b&quot;,&quot;theme&quot;:&quot;&quot;,&quot;ajax&quot;:true,&quot;logic&quot;:{&quot;logic&quot;:{&quot;16&quot;:{&quot;action&quot;:true,&quot;match&quot;:&quot;all&quot;,&quot;rules&quot;:[{&quot;elementId&quot;:&quot;3&quot;,&quot;operator&quot;:&quot;eq&quot;,&quot;optionId&quot;:&quot;2&quot;,&quot;value&quot;:&quot;Organisation&quot;}]},&quot;17&quot;:{&quot;action&quot;:true,&quot;match&quot;:&quot;all&quot;,&quot;rules&quot;:[{&quot;elementId&quot;:&quot;3&quot;,&quot;operator&quot;:&quot;eq&quot;,&quot;optionId&quot;:&quot;2&quot;,&quot;value&quot;:&quot;Organisation&quot;}]}},&quot;dependents&quot;:{&quot;3&quot;:[16,17]},&quot;elementIds&quot;:[16,17],&quot;dependentElementIds&quot;:[&quot;3&quot;],&quot;animate&quot;:true},&quot;currentPageId&quot;:1,&quot;errorsIcon&quot;:&quot;&quot;,&quot;updateFancybox&quot;:true,&quot;hasPages&quot;:false,&quot;pages&quot;:[1],&quot;pageProgressType&quot;:&quot;numbers&quot;,&quot;tooltipsEnabled&quot;:true,&quot;tooltipClasses&quot;:&quot;qtip-quform-dark qtip-shadow&quot;,&quot;tooltipMy&quot;:&quot;left center&quot;,&quot;tooltipAt&quot;:&quot;right center&quot;,&quot;isRtl&quot;:false,&quot;scrollOffset&quot;:-50,&quot;scrollSpeed&quot;:800}\" data-trp-original-action=\"\/fr\/wp-json\/wp\/v2\/pages\/610#quform-a4b88b\"><button class=\"quform-default-submit\" name=\"quform_submit\" type=\"submit\" value=\"submit\" aria-hidden=\"true\" tabindex=\"-1\"><\/button><div class=\"quform-form-inner quform-form-inner-3\"><input type=\"hidden\" name=\"quform_form_id\" value=\"3\" \/><input type=\"hidden\" name=\"quform_form_uid\" value=\"a4b88b\" \/><input type=\"hidden\" name=\"quform_count\" value=\"3\" \/><input type=\"hidden\" name=\"form_url\" value=\"https:\/\/davosdeclaration2018.ch\/fr\/wp-json\/wp\/v2\/pages\/610\" \/><input type=\"hidden\" name=\"referring_url\" value=\"\" \/><input type=\"hidden\" name=\"post_id\" value=\"\" \/><input type=\"hidden\" name=\"post_title\" value=\"\" \/><input type=\"hidden\" name=\"quform_current_page_id\" value=\"1\" \/><div class=\"quform-elements quform-elements-3 quform-cf quform-responsive-elements-phone-landscape\"><div class=\"quform-element quform-element-page quform-page-1 quform-page-3_1 quform-cf quform-group-style-plain quform-first-page quform-last-page quform-current-page\"><div class=\"quform-child-elements\"><div class=\"quform-element quform-element-select quform-element-3_3 quform-cf quform-element-required\"><div class=\"quform-spacer\"><div class=\"quform-label quform-label-3_3\"><label class=\"quform-label-text\" for=\"quform_3_3_a4b88b\">Type d\u2019inscription <span class=\"quform-required\">*<\/span><\/label><\/div><div class=\"quform-inner quform-inner-select quform-inner-3_3\"><div class=\"quform-input quform-input-select quform-input-3_3 quform-cf\"><select id=\"quform_3_3_a4b88b\" name=\"quform_3_3\" class=\"quform-field quform-field-select quform-field-3_3\"><option value=\"\" selected=\"selected\">Please select<\/option><option value=\"Individual\">Individual<\/option><option value=\"Organisation\">Organisation<\/option><\/select><\/div><\/div><\/div><\/div><div class=\"quform-element quform-element-text quform-element-3_16 quform-cf quform-element-required\"><div class=\"quform-spacer\"><div class=\"quform-label quform-label-3_16\"><label class=\"quform-label-text\" for=\"quform_3_16_a4b88b\">Soci\u00e9t\u00e9<span class=\"quform-required\">*<\/span><\/label><\/div><div class=\"quform-inner quform-inner-text quform-inner-3_16\"><div class=\"quform-input quform-input-text quform-input-3_16 quform-cf\"><input type=\"text\" id=\"quform_3_16_a4b88b\" name=\"quform_3_16\" class=\"quform-field quform-field-text quform-field-3_16\" \/><\/div><\/div><\/div><\/div><div class=\"quform-element quform-element-email quform-element-3_15 quform-cf quform-element-required\"><div class=\"quform-spacer\"><div class=\"quform-label quform-label-3_15\"><label class=\"quform-label-text\" for=\"quform_3_15_a4b88b\">E-Mail<span class=\"quform-required\">*<\/span><\/label><\/div><div class=\"quform-inner quform-inner-email quform-inner-3_15\"><div class=\"quform-input quform-input-email quform-input-3_15 quform-cf\"><input type=\"email\" id=\"quform_3_15_a4b88b\" name=\"quform_3_15\" class=\"quform-field quform-field-email quform-field-3_15\" \/><\/div><\/div><\/div><\/div><div class=\"quform-element quform-element-text quform-element-3_4 quform-cf quform-element-required\"><div class=\"quform-spacer\"><div class=\"quform-label quform-label-3_4\"><label class=\"quform-label-text\" for=\"quform_3_4_a4b88b\">Pr\u00e9nom<span class=\"quform-required\">*<\/span><\/label><\/div><div class=\"quform-inner quform-inner-text quform-inner-3_4\"><div class=\"quform-input quform-input-text quform-input-3_4 quform-cf\"><input type=\"text\" id=\"quform_3_4_a4b88b\" name=\"quform_3_4\" class=\"quform-field quform-field-text quform-field-3_4\" \/><\/div><\/div><\/div><\/div><div class=\"quform-element quform-element-text quform-element-3_5 quform-cf quform-element-required\"><div class=\"quform-spacer\"><div class=\"quform-label quform-label-3_5\"><label class=\"quform-label-text\" for=\"quform_3_5_a4b88b\">Nom<span class=\"quform-required\">*<\/span><\/label><\/div><div class=\"quform-inner quform-inner-text quform-inner-3_5\"><div class=\"quform-input quform-input-text quform-input-3_5 quform-cf\"><input type=\"text\" id=\"quform_3_5_a4b88b\" name=\"quform_3_5\" class=\"quform-field quform-field-text quform-field-3_5\" \/><\/div><\/div><\/div><\/div><div class=\"quform-element quform-element-text quform-element-3_6 quform-cf quform-element-optional\"><div class=\"quform-spacer\"><div class=\"quform-label quform-label-3_6\"><label class=\"quform-label-text\" for=\"quform_3_6_a4b88b\">Fonction<\/label><\/div><div class=\"quform-inner quform-inner-text quform-inner-3_6\"><div class=\"quform-input quform-input-text quform-input-3_6 quform-cf\"><input type=\"text\" id=\"quform_3_6_a4b88b\" name=\"quform_3_6\" class=\"quform-field quform-field-text quform-field-3_6\" \/><\/div><\/div><\/div><\/div><div class=\"quform-element quform-element-text quform-element-3_7 quform-cf quform-element-required\"><div class=\"quform-spacer\"><div class=\"quform-label quform-label-3_7\"><label class=\"quform-label-text\" for=\"quform_3_7_a4b88b\">Rue, N\u00b0<span class=\"quform-required\">*<\/span><\/label><\/div><div class=\"quform-inner quform-inner-text quform-inner-3_7\"><div class=\"quform-input quform-input-text quform-input-3_7 quform-cf\"><input type=\"text\" id=\"quform_3_7_a4b88b\" name=\"quform_3_7\" class=\"quform-field quform-field-text quform-field-3_7\" \/><\/div><\/div><\/div><\/div><div class=\"quform-element quform-element-text quform-element-3_8 quform-cf quform-element-optional\"><div class=\"quform-spacer\"><div class=\"quform-label quform-label-3_8\"><label class=\"quform-label-text\" for=\"quform_3_8_a4b88b\">Compl\u00e9ment d\u2019adresse <\/label><\/div><div class=\"quform-inner quform-inner-text quform-inner-3_8\"><div class=\"quform-input quform-input-text quform-input-3_8 quform-cf\"><input type=\"text\" id=\"quform_3_8_a4b88b\" name=\"quform_3_8\" class=\"quform-field quform-field-text quform-field-3_8\" \/><\/div><\/div><\/div><\/div><div class=\"quform-element quform-element-text quform-element-3_9 quform-cf quform-element-required\"><div class=\"quform-spacer\"><div class=\"quform-label quform-label-3_9\"><label class=\"quform-label-text\" for=\"quform_3_9_a4b88b\">Code postal<span class=\"quform-required\">*<\/span><\/label><\/div><div class=\"quform-inner quform-inner-text quform-inner-3_9\"><div class=\"quform-input quform-input-text quform-input-3_9 quform-cf\"><input type=\"text\" id=\"quform_3_9_a4b88b\" name=\"quform_3_9\" class=\"quform-field quform-field-text quform-field-3_9\" \/><\/div><\/div><\/div><\/div><div class=\"quform-element quform-element-text quform-element-3_10 quform-cf quform-element-required\"><div class=\"quform-spacer\"><div class=\"quform-label quform-label-3_10\"><label class=\"quform-label-text\" for=\"quform_3_10_a4b88b\">Ville<span class=\"quform-required\">*<\/span><\/label><\/div><div class=\"quform-inner quform-inner-text quform-inner-3_10\"><div class=\"quform-input quform-input-text quform-input-3_10 quform-cf\"><input type=\"text\" id=\"quform_3_10_a4b88b\" name=\"quform_3_10\" class=\"quform-field quform-field-text quform-field-3_10\" \/><\/div><\/div><\/div><\/div><div class=\"quform-element quform-element-text quform-element-3_11 quform-cf quform-element-required\"><div class=\"quform-spacer\"><div class=\"quform-label quform-label-3_11\"><label class=\"quform-label-text\" for=\"quform_3_11_a4b88b\">Pays<span class=\"quform-required\">*<\/span><\/label><\/div><div class=\"quform-inner quform-inner-text quform-inner-3_11\"><div class=\"quform-input quform-input-text quform-input-3_11 quform-cf\"><input type=\"text\" id=\"quform_3_11_a4b88b\" name=\"quform_3_11\" class=\"quform-field quform-field-text quform-field-3_11\" \/><\/div><\/div><\/div><\/div><div class=\"quform-element quform-element-file quform-element-3_17 quform-cf quform-element-required\"><div class=\"quform-spacer\"><div class=\"quform-label quform-label-3_17\"><label class=\"quform-label-text\" for=\"quform_3_17_a4b88b\">Logo<span class=\"quform-required\">*<\/span><\/label><\/div><div class=\"quform-inner quform-inner-file quform-inner-3_17\"><div class=\"quform-input quform-input-file quform-input-3_17 quform-cf quform-button-style-theme\"><input type=\"file\" id=\"quform_3_17_a4b88b\" name=\"quform_3_17[]\" class=\"quform-field quform-field-file quform-field-3_17 quform-field-file-enhanced\" data-config=\"{&quot;id&quot;:17,&quot;identifier&quot;:&quot;3_17&quot;,&quot;name&quot;:&quot;quform_3_17&quot;,&quot;max&quot;:1,&quot;size&quot;:10485760,&quot;allowedExtensions&quot;:[&quot;jpg&quot;,&quot;jpeg&quot;,&quot;png&quot;,&quot;gif&quot;],&quot;notAllowedTypeWithFilename&quot;:&quot;File type of &#039;%filename%&#039; is not allowed&quot;,&quot;tooBigWithFilename&quot;:&quot;File &#039;%filename%&#039; exceeds the maximum allowed file size&quot;,&quot;tooMany&quot;:&quot;You cannot upload more than %max% file(s)&quot;,&quot;buttonType&quot;:&quot;button&quot;,&quot;buttonText&quot;:&quot;Browse...&quot;,&quot;buttonIcon&quot;:&quot;qicon-file_upload&quot;,&quot;buttonIconPosition&quot;:&quot;right&quot;}\" \/><\/div><\/div><\/div><\/div><input type=\"hidden\" name=\"quform_3_13\" class=\"quform-field quform-field-hidden quform-field-3_13\" data-default=\"\" \/><div class=\"quform-element quform-element-recaptcha quform-element-3_18 quform-cf quform-element-required\"><div class=\"quform-spacer\"><div class=\"quform-label quform-label-3_18\"><label class=\"quform-label-text\">Es-tu humain ?<span class=\"quform-required\">*<\/span><\/label><\/div><div class=\"quform-inner quform-inner-recaptcha quform-inner-3_18\"><div class=\"quform-input quform-input-recaptcha quform-input-3_18 quform-cf\"><div class=\"quform-hcaptcha\" data-config=\"{&quot;sitekey&quot;:&quot;362681ce-8940-42b2-83b1-302eabf81833&quot;,&quot;size&quot;:&quot;normal&quot;,&quot;theme&quot;:&quot;light&quot;}\"><\/div><noscript>Please enable JavaScript to submit this form.<\/noscript><\/div><\/div><\/div><\/div><div class=\"quform-element quform-element-submit quform-element-3_2 quform-cf quform-button-style-theme\"><div class=\"quform-button-submit quform-button-submit-default quform-button-submit-3_2\"><button name=\"quform_submit\" type=\"submit\" class=\"quform-submit\" value=\"submit\"><span class=\"quform-button-text quform-button-submit-text\">Send<\/span><\/button><\/div><div class=\"quform-loading quform-loading-position-left quform-loading-type-spinner-1\"><div class=\"quform-loading-inner\"><div class=\"quform-loading-spinner\"><div class=\"quform-loading-spinner-inner\"><\/div><\/div><\/div><\/div><\/div><div class=\"quform-element-tree\"><label for=\"quform_3_0_a4b88b\">This field should be left blank<\/label><input type=\"text\" id=\"quform_3_0_a4b88b\" name=\"quform_3_0\" class=\"quform-field quform-field-tree quform-field-3_0\" tabindex=\"-1\" autocomplete=\"off\" \/><\/div><\/div><\/div><\/div><div class=\"quform-upload-progress-wrap\"><div class=\"quform-upload-progress-bar-wrap\"><div class=\"quform-upload-progress-bar\"><\/div><\/div><div class=\"quform-upload-info quform-cf\"><div class=\"quform-upload-filename\"><\/div><\/div><\/div><\/div><input type=\"hidden\" name=\"trp-form-language\" value=\"fr\"\/><\/form><\/div><\/div>\n\t\t\t\t\t\t<\/div>\n\t\t\t\t<\/div>\n\t\t\t\t<div class=\"elementor-element elementor-element-1578d3d o-dcwiForm elementor-widget elementor-widget-shortcode\" data-id=\"1578d3d\" data-element_type=\"widget\" data-no-translation=\"\" data-widget_type=\"shortcode.default\">\n\t\t\t\t<div class=\"elementor-widget-container\">\n\t\t\t\t\t<style>.elementor-element-1578d3d{display:none !important}<\/style>\t\t\t\t<\/div>\n\t\t\t\t<\/div>\n\t\t\t\t<div class=\"elementor-element elementor-element-550a00e elementor-widget elementor-widget-text-editor\" data-id=\"550a00e\" data-element_type=\"widget\" data-widget_type=\"text-editor.default\">\n\t\t\t\t<div class=\"elementor-widget-container\">\n\t\t\t\t\t\t\t\t\t<div class=\"aztHelpersMarkdownContainer src-scripts-containers-Page-SubContent-types-PartnerRegistrationForm-consent\"><p>En vous inscrivant en tant que partenaire, vous acceptez les conditions suivantes:<\/p><ol><li>L'Office f\u00e9d\u00e9ral suisse de la culture enregistre les donn\u00e9es que vous soumettez et les utilise pour vous fournir des informations sur le processus de Davos et d'autres \u00e9v\u00e9nements li\u00e9s \u00e0 la culture architecturale.<\/li><li>Les logos, pr\u00e9noms, noms de famille, ainsi que la ville et le pays soumis seront affich\u00e9s publiquement sur ce site web.<\/li><li>Les donn\u00e9es soumises ne seront jamais vendues ni partag\u00e9es avec des tiers.<\/li><li>Vous pouvez retirer votre consentement \u00e0 tout moment en envoyant un e-mail \u00e0 (<a class=\"\" title=\"baukultur@bak.admin.ch\" href=\"mailto:baukultur@bak.admin.ch\" target=\"_blank\" rel=\"noopener\">baukultur@bak.admin.ch<\/a>)<\/li><\/ol><\/div>\t\t\t\t\t\t\t\t<\/div>\n\t\t\t\t<\/div>\n\t\t\t\t\t<\/div>\n\t\t\t\t<\/div>\n\t\t\t\t<\/div>","protected":false},"excerpt":{"rendered":"<p>Werden Sie Partner Indem Sie sich als Partner registrieren, stimmen Sie den folgenden Bedingungen zu: Das Schweizerische Bundesamt f\u00fcr Kultur speichert die von Ihnen eingereichten Daten und verwendet sie, um Ihnen Informationen \u00fcber den Davos-Prozess und andere Veranstaltungen im Bereich der Baukultur zukommen zu lassen. Die eingereichten Logos, Vor- und Nachnamen sowie die Stadt und [&hellip;]<\/p>","protected":false},"author":5,"featured_media":0,"parent":0,"menu_order":0,"comment_status":"closed","ping_status":"closed","template":"","meta":{"_acf_changed":false,"inline_featured_image":false,"footnotes":""},"class_list":["post-610","page","type-page","status-publish","hentry"],"acf":[],"yoast_head":"<!-- This site is optimized with the Yoast SEO plugin v26.1.1 - https:\/\/yoast.com\/wordpress\/plugins\/seo\/ -->\n<title>Werden Sie Partner &#8211; Erkl\u00e4rung von Davos 2018<\/title>\n<meta name=\"robots\" content=\"index, follow, max-snippet:-1, max-image-preview:large, max-video-preview:-1\" \/>\n<link rel=\"canonical\" href=\"https:\/\/davosdeclaration2018.ch\/fr\/devenez-partenaire\/\" \/>\n<meta property=\"og:locale\" content=\"fr_FR\" \/>\n<meta property=\"og:type\" content=\"article\" \/>\n<meta property=\"og:title\" content=\"Werden Sie Partner &#8211; Erkl\u00e4rung von Davos 2018\" \/>\n<meta property=\"og:description\" content=\"Werden Sie Partner Indem Sie sich als Partner registrieren, stimmen Sie den folgenden Bedingungen zu: Das Schweizerische Bundesamt f\u00fcr Kultur speichert die von Ihnen eingereichten Daten und verwendet sie, um Ihnen Informationen \u00fcber den Davos-Prozess und andere Veranstaltungen im Bereich der Baukultur zukommen zu lassen. Die eingereichten Logos, Vor- und Nachnamen sowie die Stadt und [&hellip;]\" \/>\n<meta property=\"og:url\" content=\"https:\/\/davosdeclaration2018.ch\/fr\/devenez-partenaire\/\" \/>\n<meta property=\"og:site_name\" content=\"Erkl\u00e4rung von Davos 2018\" \/>\n<meta property=\"article:modified_time\" content=\"2023-06-26T11:28:07+00:00\" \/>\n<meta name=\"twitter:card\" content=\"summary_large_image\" \/>\n<meta name=\"twitter:label1\" content=\"Dur\u00e9e de lecture estim\u00e9e\" \/>\n\t<meta name=\"twitter:data1\" content=\"3 minutes\" \/>\n<script type=\"application\/ld+json\" class=\"yoast-schema-graph\">{\"@context\":\"https:\/\/schema.org\",\"@graph\":[{\"@type\":\"WebPage\",\"@id\":\"https:\/\/davosdeclaration2018.ch\/de\/werden-sie-partner\/\",\"url\":\"https:\/\/davosdeclaration2018.ch\/de\/werden-sie-partner\/\",\"name\":\"Werden Sie Partner &#8211; Erkl\u00e4rung von Davos 2018\",\"isPartOf\":{\"@id\":\"https:\/\/davosdeclaration2018.ch\/en\/#website\"},\"datePublished\":\"2023-06-19T10:13:02+00:00\",\"dateModified\":\"2023-06-26T11:28:07+00:00\",\"breadcrumb\":{\"@id\":\"https:\/\/davosdeclaration2018.ch\/de\/werden-sie-partner\/#breadcrumb\"},\"inLanguage\":\"fr-FR\",\"potentialAction\":[{\"@type\":\"ReadAction\",\"target\":[\"https:\/\/davosdeclaration2018.ch\/de\/werden-sie-partner\/\"]}]},{\"@type\":\"BreadcrumbList\",\"@id\":\"https:\/\/davosdeclaration2018.ch\/de\/werden-sie-partner\/#breadcrumb\",\"itemListElement\":[{\"@type\":\"ListItem\",\"position\":1,\"name\":\"Startseite\",\"item\":\"https:\/\/davosdeclaration2018.ch\/\"},{\"@type\":\"ListItem\",\"position\":2,\"name\":\"Werden Sie Partner\"}]},{\"@type\":\"WebSite\",\"@id\":\"https:\/\/davosdeclaration2018.ch\/en\/#website\",\"url\":\"https:\/\/davosdeclaration2018.ch\/en\/\",\"name\":\"Davos Baukultur Allianz 2023\",\"description\":\"\",\"potentialAction\":[{\"@type\":\"SearchAction\",\"target\":{\"@type\":\"EntryPoint\",\"urlTemplate\":\"https:\/\/davosdeclaration2018.ch\/en\/?s={search_term_string}\"},\"query-input\":{\"@type\":\"PropertyValueSpecification\",\"valueRequired\":true,\"valueName\":\"search_term_string\"}}],\"inLanguage\":\"fr-FR\"}]}<\/script>\n<!-- \/ Yoast SEO plugin. -->","yoast_head_json":{"title":"Werden Sie Partner &#8211; Erkl\u00e4rung von Davos 2018","robots":{"index":"index","follow":"follow","max-snippet":"max-snippet:-1","max-image-preview":"max-image-preview:large","max-video-preview":"max-video-preview:-1"},"canonical":"https:\/\/davosdeclaration2018.ch\/fr\/devenez-partenaire\/","og_locale":"fr_FR","og_type":"article","og_title":"Werden Sie Partner &#8211; Erkl\u00e4rung von Davos 2018","og_description":"Werden Sie Partner Indem Sie sich als Partner registrieren, stimmen Sie den folgenden Bedingungen zu: Das Schweizerische Bundesamt f\u00fcr Kultur speichert die von Ihnen eingereichten Daten und verwendet sie, um Ihnen Informationen \u00fcber den Davos-Prozess und andere Veranstaltungen im Bereich der Baukultur zukommen zu lassen. Die eingereichten Logos, Vor- und Nachnamen sowie die Stadt und [&hellip;]","og_url":"https:\/\/davosdeclaration2018.ch\/fr\/devenez-partenaire\/","og_site_name":"Erkl\u00e4rung von Davos 2018","article_modified_time":"2023-06-26T11:28:07+00:00","twitter_card":"summary_large_image","twitter_misc":{"Dur\u00e9e de lecture estim\u00e9e":"3 minutes"},"schema":{"@context":"https:\/\/schema.org","@graph":[{"@type":"WebPage","@id":"https:\/\/davosdeclaration2018.ch\/de\/werden-sie-partner\/","url":"https:\/\/davosdeclaration2018.ch\/de\/werden-sie-partner\/","name":"Werden Sie Partner &#8211; Erkl\u00e4rung von Davos 2018","isPartOf":{"@id":"https:\/\/davosdeclaration2018.ch\/en\/#website"},"datePublished":"2023-06-19T10:13:02+00:00","dateModified":"2023-06-26T11:28:07+00:00","breadcrumb":{"@id":"https:\/\/davosdeclaration2018.ch\/de\/werden-sie-partner\/#breadcrumb"},"inLanguage":"fr-FR","potentialAction":[{"@type":"ReadAction","target":["https:\/\/davosdeclaration2018.ch\/de\/werden-sie-partner\/"]}]},{"@type":"BreadcrumbList","@id":"https:\/\/davosdeclaration2018.ch\/de\/werden-sie-partner\/#breadcrumb","itemListElement":[{"@type":"ListItem","position":1,"name":"Startseite","item":"https:\/\/davosdeclaration2018.ch\/"},{"@type":"ListItem","position":2,"name":"Werden Sie Partner"}]},{"@type":"WebSite","@id":"https:\/\/davosdeclaration2018.ch\/en\/#website","url":"https:\/\/davosdeclaration2018.ch\/en\/","name":"Davos Baukultur Allianz 2023","description":"","potentialAction":[{"@type":"SearchAction","target":{"@type":"EntryPoint","urlTemplate":"https:\/\/davosdeclaration2018.ch\/en\/?s={search_term_string}"},"query-input":{"@type":"PropertyValueSpecification","valueRequired":true,"valueName":"search_term_string"}}],"inLanguage":"fr-FR"}]}},"_links":{"self":[{"href":"https:\/\/davosdeclaration2018.ch\/fr\/wp-json\/wp\/v2\/pages\/610","targetHints":{"allow":["GET"]}}],"collection":[{"href":"https:\/\/davosdeclaration2018.ch\/fr\/wp-json\/wp\/v2\/pages"}],"about":[{"href":"https:\/\/davosdeclaration2018.ch\/fr\/wp-json\/wp\/v2\/types\/page"}],"author":[{"embeddable":true,"href":"https:\/\/davosdeclaration2018.ch\/fr\/wp-json\/wp\/v2\/users\/5"}],"replies":[{"embeddable":true,"href":"https:\/\/davosdeclaration2018.ch\/fr\/wp-json\/wp\/v2\/comments?post=610"}],"version-history":[{"count":43,"href":"https:\/\/davosdeclaration2018.ch\/fr\/wp-json\/wp\/v2\/pages\/610\/revisions"}],"predecessor-version":[{"id":1712,"href":"https:\/\/davosdeclaration2018.ch\/fr\/wp-json\/wp\/v2\/pages\/610\/revisions\/1712"}],"wp:attachment":[{"href":"https:\/\/davosdeclaration2018.ch\/fr\/wp-json\/wp\/v2\/media?parent=610"}],"curies":[{"name":"wp","href":"https:\/\/api.w.org\/{rel}","templated":true}]}}